{"id":31,"date":"2023-07-19T08:29:23","date_gmt":"2023-07-19T06:29:23","guid":{"rendered":"https:\/\/verband-deutscher-falkner.de\/bw\/?page_id=31"},"modified":"2024-02-04T08:53:55","modified_gmt":"2024-02-04T07:53:55","slug":"home","status":"publish","type":"page","link":"https:\/\/verband-deutscher-falkner.de\/bw\/","title":{"rendered":"Home"},"content":{"rendered":"\t\t<div data-elementor-type=\"wp-page\" data-elementor-id=\"31\" class=\"elementor elementor-31\">\n\t\t\t\t\t\t<section class=\"elementor-section elementor-top-section elementor-element elementor-element-92679b2 elementor-section-boxed elementor-section-height-default elementor-section-height-default\" data-id=\"92679b2\" data-element_type=\"section\" data-e-type=\"section\">\n\t\t\t\t\t\t<div class=\"elementor-container elementor-column-gap-default\">\n\t\t\t\t\t<div class=\"elementor-column elementor-col-100 elementor-top-column elementor-element elementor-element-5afc61be\" data-id=\"5afc61be\" data-element_type=\"column\" data-e-type=\"column\">\n\t\t\t<div class=\"elementor-widget-wrap elementor-element-populated\">\n\t\t\t\t\t\t<div class=\"elementor-element elementor-element-24a99f48 elementor-widget elementor-widget-text-editor\" data-id=\"24a99f48\" data-element_type=\"widget\" data-e-type=\"widget\" data-widget_type=\"text-editor.default\">\n\t\t\t\t<div class=\"elementor-widget-container\">\n\t\t\t\t\t\t\t\t\t<p>Sieben mutige und von der Leidenschaft Falknerei gepackte Frauen und M\u00e4nner gr\u00fcndeten am 28. Oktober 2007 im Sporthotel Ammann in D-72186 Empfingen den VDF-Landesverband Baden W\u00fcrttemberg. Seit dem Tag ist ein stetiges Anwachsen an Mitgliedern zu beobachten. Inzwischen ist unsere Mitgliederzahl auf \u00fcber 120 angewachsen!<\/p>\n<p><strong>Zu unseren Verbandszielen geh\u00f6ren:<\/strong><\/p>\n<ul>\n<li>Das Kulturgut&nbsp;<strong>&#8216;Falknerei&#8217;<\/strong>&nbsp;erleben, pflegen und ausbauen<\/li>\n<li>Schutz der Greifv\u00f6gel und der Erhalt ihrer Lebensr\u00e4ume<\/li>\n<li>Die praktische Falknerei nach den Regeln der Waidgerechtigkeit sowie der Falkner-Ethik aus\u00fcben<\/li>\n<li>\u00d6ffentlichkeitsarbeiten bei Veranstaltungen sowohl auf Landesebene als auch regional oder im \u00f6rtlichen Rahmen durch Vortr\u00e4ge, Darbietungen, Erkl\u00e4rungen. Insbesondere zu den Schwerpunktthemen Geschichte, Greifvogelkunde, Haltung, Abtragen, Aus\u00fcbung der Beizjagd sowie die Rechtsgrundlagen der Falknerei und des Greifvogelschutzes.<\/li>\n<li>Zusammenarbeit und Unterst\u00fctzung bei der bis heute erfolgreichen Falknerausbildung<\/li>\n<li>Pflege des kameradschaftlich und freundschaftlichen Gedankenaustausches mit Falknerinnen und Falknern unseres Verbandes, aber auch verbands\u00fcbergreifend, ist uns wichtig.<\/li>\n<\/ul>\n<p>Wenn Sie m\u00f6chten, d\u00fcrfen Sie gerne mit uns in Kontakt treten. Wir w\u00fcrden uns freuen!<\/p>\n<p>Ihr Landesverband Baden-W\u00fcrttemberg!<\/p>\t\t\t\t\t\t\t\t<\/div>\n\t\t\t\t<\/div>\n\t\t\t\t\t<\/div>\n\t\t<\/div>\n\t\t\t\t\t<\/div>\n\t\t<\/section>\n\t\t\t\t<\/div>\n\t\t","protected":false},"excerpt":{"rendered":"<p>Sieben mutige und von der Leidenschaft Falknerei gepackte Frauen und M\u00e4nner gr\u00fcndeten am 28. Oktober 2007 im Sporthotel Ammann in D-72186 Empfingen den VDF-Landesverband Baden W\u00fcrttemberg. Seit dem Tag ist ein stetiges Anwachsen an&#46;&#46;&#46;<\/p>\n","protected":false},"author":1,"featured_media":0,"parent":0,"menu_order":0,"comment_status":"closed","ping_status":"closed","template":"","meta":{"_uag_custom_page_level_css":"","_coblocks_attr":"","_coblocks_dimensions":"","_coblocks_responsive_height":"","_coblocks_accordion_ie_support":"","pgc_sgb_lightbox_settings":"","footnotes":""},"class_list":["post-31","page","type-page","status-publish","hentry"],"uagb_featured_image_src":{"full":false,"thumbnail":false,"medium":false,"medium_large":false,"large":false,"1536x1536":false,"2048x2048":false,"thumb-small":false,"thumb-standard":false,"thumb-medium":false,"thumb-large":false,"thumb-xlarge":false,"thumb-xxlarge":false},"uagb_author_info":{"display_name":"vdfadmin","author_link":"https:\/\/verband-deutscher-falkner.de\/bw\/author\/vdfadmin\/"},"uagb_comment_info":0,"uagb_excerpt":"Sieben mutige und von der Leidenschaft Falknerei gepackte Frauen und M\u00e4nner gr\u00fcndeten am 28. Oktober 2007 im Sporthotel Ammann in D-72186 Empfingen den VDF-Landesverband Baden W\u00fcrttemberg. Seit dem Tag ist ein stetiges Anwachsen an&#46;&#46;&#46;","_links":{"self":[{"href":"https:\/\/verband-deutscher-falkner.de\/bw\/wp-json\/wp\/v2\/pages\/31","targetHints":{"allow":["GET"]}}],"collection":[{"href":"https:\/\/verband-deutscher-falkner.de\/bw\/wp-json\/wp\/v2\/pages"}],"about":[{"href":"https:\/\/verband-deutscher-falkner.de\/bw\/wp-json\/wp\/v2\/types\/page"}],"author":[{"embeddable":true,"href":"https:\/\/verband-deutscher-falkner.de\/bw\/wp-json\/wp\/v2\/users\/1"}],"replies":[{"embeddable":true,"href":"https:\/\/verband-deutscher-falkner.de\/bw\/wp-json\/wp\/v2\/comments?post=31"}],"version-history":[{"count":11,"href":"https:\/\/verband-deutscher-falkner.de\/bw\/wp-json\/wp\/v2\/pages\/31\/revisions"}],"predecessor-version":[{"id":475,"href":"https:\/\/verband-deutscher-falkner.de\/bw\/wp-json\/wp\/v2\/pages\/31\/revisions\/475"}],"wp:attachment":[{"href":"https:\/\/verband-deutscher-falkner.de\/bw\/wp-json\/wp\/v2\/media?parent=31"}],"curies":[{"name":"wp","href":"https:\/\/api.w.org\/{rel}","templated":true}]}}