{"id":476,"date":"2024-01-19T08:37:11","date_gmt":"2024-01-19T07:37:11","guid":{"rendered":"https:\/\/verband-deutscher-falkner.de\/bw\/?page_id=476"},"modified":"2026-01-31T13:03:11","modified_gmt":"2026-01-31T12:03:11","slug":"seminare","status":"publish","type":"page","link":"https:\/\/verband-deutscher-falkner.de\/bw\/seminare\/","title":{"rendered":"Seminare"},"content":{"rendered":"\t\t<div data-elementor-type=\"wp-page\" data-elementor-id=\"476\" class=\"elementor elementor-476\">\n\t\t\t\t\t\t<section class=\"elementor-section elementor-top-section elementor-element elementor-element-7ecd122c elementor-section-full_width elementor-section-height-default elementor-section-height-default\" data-id=\"7ecd122c\" data-element_type=\"section\" data-e-type=\"section\">\n\t\t\t\t\t\t<div class=\"elementor-container elementor-column-gap-default\">\n\t\t\t\t\t<div class=\"elementor-column elementor-col-100 elementor-top-column elementor-element elementor-element-7923f437\" data-id=\"7923f437\" data-element_type=\"column\" data-e-type=\"column\">\n\t\t\t<div class=\"elementor-widget-wrap elementor-element-populated\">\n\t\t\t\t\t\t<div class=\"elementor-element elementor-element-3fb4cf1 elementor-widget elementor-widget-text-editor\" data-id=\"3fb4cf1\" data-element_type=\"widget\" data-e-type=\"widget\" data-widget_type=\"text-editor.default\">\n\t\t\t\t<div class=\"elementor-widget-container\">\n\t\t\t\t\t\t\t\t\t<h3 style=\"text-align: left\">Falknerpr\u00fcfung<\/h3>\n<p><!-- \/wp:uagb\/advanced-heading --><\/p>\n<p><!-- wp:paragraph --><\/p>\n<p><!-- \/wp:paragraph --><\/p>\n<p>In Kooperation mit der&nbsp;<strong>\u201eSchule f\u00fcr \u00d6kologie, Jagd und Falknerei\u201c&nbsp;<\/strong>bilden wir seit dem Jahre 2008 Falkner und Falknerinnen aus. Bis dato haben alle TeilnehmerInnen die Pr\u00fcfung zum Falknerjagdschein erfolgreich bestanden.&nbsp;<\/p>\n<p>In Zusammenarbeit mit erfahrenen FalknernInnen wird eine solide praxisbezogene Ausbildung in kleinen Gruppen angeboten. Hier wird auf der einen Seite die notwendige Theorie f\u00fcr das Verst\u00e4ndnis und die anstehende Falknerpr\u00fcfung vermittelt. Parallel werden in Praxisteilen zu welchen verschiedene Greifv\u00f6gel zur Verf\u00fcgung stehen, angefangen vom Steinadler, Wanderfalke, Habicht, Harris Hawk etc. die Theorie erg\u00e4nzt und gefestigt.<\/p>\n<p>Ziel der Ausbildung ist es, Sie sicher und gut auf die Falknerpr\u00fcfung vorzubereiten und Ihnen gleichzeitig einen guten praxisbezogenen Start als Falkner\/In zu erm\u00f6glichen.<\/p>\n<p>Der Vorbereitungslehrgang auf die Falknerpr\u00fcfung findet an drei Wochenenden statt, freitags von 14:00 bis 17:30 Uhr, samstags und sonntags von 08:00 bis 17:00 Uhr. Die Vorbereitungskurse enden mit der Pr\u00fcfung zum Falknerjagdschein.<\/p>\n<h5><strong>Der n\u00e4chste Vorbereitungskurs auf die Falknerpr\u00fcfung beginnt am 17.04.2026 und endet mit der Falknerjagdscheinpr\u00fcfung voraussichtlich Mitte Juni 2026.<\/strong><\/h5>\t\t\t\t\t\t\t\t<\/div>\n\t\t\t\t<\/div>\n\t\t\t\t\t<\/div>\n\t\t<\/div>\n\t\t\t\t\t<\/div>\n\t\t<\/section>\n\t\t\t\t<section class=\"elementor-section elementor-top-section elementor-element elementor-element-3df9e7d elementor-section-boxed elementor-section-height-default elementor-section-height-default\" data-id=\"3df9e7d\" data-element_type=\"section\" data-e-type=\"section\">\n\t\t\t\t\t\t<div class=\"elementor-container elementor-column-gap-default\">\n\t\t\t\t\t<div class=\"elementor-column elementor-col-100 elementor-top-column elementor-element elementor-element-5f7ba2f\" data-id=\"5f7ba2f\" data-element_type=\"column\" data-e-type=\"column\">\n\t\t\t<div class=\"elementor-widget-wrap\">\n\t\t\t\t\t\t\t<\/div>\n\t\t<\/div>\n\t\t\t\t\t<\/div>\n\t\t<\/section>\n\t\t\t\t<section class=\"elementor-section elementor-top-section elementor-element elementor-element-32450f9 elementor-section-boxed elementor-section-height-default elementor-section-height-default\" data-id=\"32450f9\" data-element_type=\"section\" data-e-type=\"section\">\n\t\t\t\t\t\t<div class=\"elementor-container elementor-column-gap-default\">\n\t\t\t\t\t<div class=\"elementor-column elementor-col-100 elementor-top-column elementor-element elementor-element-6a5bbc2\" data-id=\"6a5bbc2\" data-element_type=\"column\" data-e-type=\"column\">\n\t\t\t<div class=\"elementor-widget-wrap elementor-element-populated\">\n\t\t\t\t\t\t<div class=\"elementor-element elementor-element-4caea14 elementor-widget elementor-widget-wp-widget-tribe-widget-events-list\" data-id=\"4caea14\" data-element_type=\"widget\" data-e-type=\"widget\" data-widget_type=\"wp-widget-tribe-widget-events-list.default\">\n\t\t\t\t<div class=\"elementor-widget-container\">\n\t\t\t\t\t<div  class=\"tribe-compatibility-container\" >\n\t<div\n\t\t class=\"tribe-common tribe-events tribe-events-view tribe-events-view--widget-events-list tribe-events-widget\" \t\tdata-js=\"tribe-events-view\"\n\t\tdata-view-rest-url=\"https:\/\/verband-deutscher-falkner.de\/bw\/wp-json\/tribe\/views\/v2\/html\"\n\t\tdata-view-manage-url=\"1\"\n\t\t\t\t\t\t\tdata-view-breakpoint-pointer=\"f7be05ef-81af-4e9f-8607-e8f7bf5cc1f3\"\n\t\t\t>\n\t\t<div class=\"tribe-events-widget-events-list\">\n\n\t\t\t<script type=\"application\/ld+json\">\r\n[{\"@context\":\"http:\/\/schema.org\",\"@type\":\"Event\",\"name\":\"Vorbereitungskurs Falknerpr\\u00fcfung BW\",\"description\":\"\",\"url\":\"https:\/\/verband-deutscher-falkner.de\/bw\/event\/vorbereitungskurs-falknerpruefung-bw\/\",\"eventAttendanceMode\":\"https:\/\/schema.org\/OfflineEventAttendanceMode\",\"eventStatus\":\"https:\/\/schema.org\/EventScheduled\",\"startDate\":\"2026-04-17T00:00:00+02:00\",\"endDate\":\"2026-04-19T23:59:59+02:00\",\"location\":{\"@type\":\"Place\",\"name\":\"Schule f\\u00fcr \\u00d6kologie, Jagd und Falknerei\",\"description\":\"\",\"url\":\"\",\"address\":{\"@type\":\"PostalAddress\",\"streetAddress\":\"Unterer Br\\u00fchl 11\",\"addressLocality\":\"Aldingen-Aixheim\",\"addressRegion\":\"Baden-W\\u00fcrttemberg\",\"postalCode\":\"78554\",\"addressCountry\":\"Germany\"},\"telephone\":\"+49 (0)7424 949170\",\"sameAs\":\"\"},\"performer\":\"Organization\"}]\r\n<\/script>\n\t\t\t<script data-js=\"tribe-events-view-data\" type=\"application\/json\">\n\t{\"slug\":\"widget-events-list\",\"prev_url\":\"\",\"next_url\":\"\",\"view_class\":\"Tribe\\\\Events\\\\Views\\\\V2\\\\Views\\\\Widgets\\\\Widget_List_View\",\"view_slug\":\"widget-events-list\",\"view_label\":\"View\",\"view\":null,\"should_manage_url\":true,\"id\":null,\"alias-slugs\":null,\"title\":\"Veranstaltungen von April 17 \\u2013 April 17 \\u2013 Verband Deutscher Falkner Baden-W\\u00fcrttemberg e.V.\",\"limit\":\"5\",\"no_upcoming_events\":false,\"featured_events_only\":false,\"jsonld_enable\":true,\"tribe_is_list_widget\":false,\"admin_fields\":{\"title\":{\"label\":\"Titel:\",\"type\":\"text\",\"parent_classes\":\"\",\"classes\":\"\",\"dependency\":\"\",\"id\":\"widget-tribe-widget-events-list-REPLACE_TO_ID-title\",\"name\":\"widget-tribe-widget-events-list[REPLACE_TO_ID][title]\",\"options\":[],\"placeholder\":\"\",\"value\":null},\"limit\":{\"label\":\"Anzeige:\",\"type\":\"number\",\"default\":5,\"min\":1,\"max\":10,\"step\":1,\"parent_classes\":\"\",\"classes\":\"\",\"dependency\":\"\",\"id\":\"widget-tribe-widget-events-list-REPLACE_TO_ID-limit\",\"name\":\"widget-tribe-widget-events-list[REPLACE_TO_ID][limit]\",\"options\":[],\"placeholder\":\"\",\"value\":null},\"no_upcoming_events\":{\"label\":\"Blende dieses Widget aus, wenn es keine bevorstehenden Veranstaltungen gibt.\",\"type\":\"checkbox\",\"parent_classes\":\"\",\"classes\":\"\",\"dependency\":\"\",\"id\":\"widget-tribe-widget-events-list-REPLACE_TO_ID-no_upcoming_events\",\"name\":\"widget-tribe-widget-events-list[REPLACE_TO_ID][no_upcoming_events]\",\"options\":[],\"placeholder\":\"\",\"value\":null},\"featured_events_only\":{\"label\":\"Nur auf hervorgehobene Veranstaltungen beschr\\u00e4nken\",\"type\":\"checkbox\",\"parent_classes\":\"\",\"classes\":\"\",\"dependency\":\"\",\"id\":\"widget-tribe-widget-events-list-REPLACE_TO_ID-featured_events_only\",\"name\":\"widget-tribe-widget-events-list[REPLACE_TO_ID][featured_events_only]\",\"options\":[],\"placeholder\":\"\",\"value\":null},\"jsonld_enable\":{\"label\":\"JSON-LD-Daten generieren\",\"type\":\"checkbox\",\"parent_classes\":\"\",\"classes\":\"\",\"dependency\":\"\",\"id\":\"widget-tribe-widget-events-list-REPLACE_TO_ID-jsonld_enable\",\"name\":\"widget-tribe-widget-events-list[REPLACE_TO_ID][jsonld_enable]\",\"options\":[],\"placeholder\":\"\",\"value\":null}},\"events\":[584],\"url\":\"https:\\\/\\\/verband-deutscher-falkner.de\\\/bw\\\/?post_type=tribe_events&eventDisplay=widget-events-list\",\"url_event_date\":false,\"bar\":{\"keyword\":\"\",\"date\":\"\"},\"today\":\"2026-04-19 00:00:00\",\"now\":\"2026-04-19 13:12:26\",\"home_url\":\"https:\\\/\\\/verband-deutscher-falkner.de\\\/bw\",\"rest_url\":\"https:\\\/\\\/verband-deutscher-falkner.de\\\/bw\\\/wp-json\\\/tribe\\\/views\\\/v2\\\/html\",\"rest_method\":\"GET\",\"rest_nonce\":\"\",\"today_url\":\"https:\\\/\\\/verband-deutscher-falkner.de\\\/bw\\\/?post_type=tribe_events&eventDisplay=widget-events-list&rest_route=%2Fwp%2Fv2%2Fpages%2F476\",\"today_title\":\"Klicke, um das heutige Datum auszuw\\u00e4hlen\",\"today_label\":\"Heute\",\"prev_label\":\"\",\"next_label\":\"\",\"date_formats\":{\"compact\":\"n\\\/j\\\/Y\",\"month_and_year_compact\":\"n\\\/j\\\/Y\",\"month_and_year\":\"F Y\",\"time_range_separator\":\" - \",\"date_time_separator\":\" @ \"},\"messages\":[],\"start_of_week\":\"1\",\"header_title\":\"\",\"header_title_element\":\"h1\",\"content_title\":\"\",\"show_content_title\":false,\"breadcrumbs\":[],\"backlink\":false,\"before_events\":\"\",\"after_events\":\"\\n<!--\\nThis calendar is powered by The Events Calendar.\\nhttp:\\\/\\\/evnt.is\\\/18wn\\n-->\\n\",\"display_events_bar\":false,\"disable_event_search\":false,\"live_refresh\":true,\"ical\":{\"display_link\":true,\"link\":{\"url\":\"https:\\\/\\\/verband-deutscher-falkner.de\\\/bw\\\/?post_type=tribe_events&#038;eventDisplay=widget-events-list&#038;ical=1\",\"text\":\"Veranstaltungen als iCal exportieren\",\"title\":\"Diese Funktion verwenden, um Kalenderdaten mit Google Kalender, Apple iCal und kompatiblen Apps zu teilen\"}},\"container_classes\":[\"tribe-common\",\"tribe-events\",\"tribe-events-view\",\"tribe-events-view--widget-events-list\",\"tribe-events-widget\"],\"container_data\":[],\"is_past\":false,\"breakpoints\":{\"xsmall\":500,\"medium\":768,\"full\":960},\"breakpoint_pointer\":\"f7be05ef-81af-4e9f-8607-e8f7bf5cc1f3\",\"is_initial_load\":false,\"public_views\":{\"list\":{\"view_class\":\"Tribe\\\\Events\\\\Views\\\\V2\\\\Views\\\\List_View\",\"view_url\":\"https:\\\/\\\/verband-deutscher-falkner.de\\\/bw\\\/events\\\/liste\\\/\",\"view_label\":\"Liste\",\"aria_label\":\"Zeige Veranstaltungen in der Liste Ansicht\"},\"month\":{\"view_class\":\"Tribe\\\\Events\\\\Views\\\\V2\\\\Views\\\\Month_View\",\"view_url\":\"https:\\\/\\\/verband-deutscher-falkner.de\\\/bw\\\/events\\\/monat\\\/\",\"view_label\":\"Monat\",\"aria_label\":\"Zeige Veranstaltungen in der Monat Ansicht\"},\"day\":{\"view_class\":\"Tribe\\\\Events\\\\Views\\\\V2\\\\Views\\\\Day_View\",\"view_url\":\"https:\\\/\\\/verband-deutscher-falkner.de\\\/bw\\\/events\\\/heute\\\/\",\"view_label\":\"Tag\",\"aria_label\":\"Zeige Veranstaltungen in der Tag Ansicht\"}},\"show_latest_past\":false,\"past\":false,\"compatibility_classes\":[\"tribe-compatibility-container\"],\"view_more_text\":\"Kalender anzeigen\",\"view_more_title\":\"Weitere Veranstaltungen anzeigen.\",\"view_more_link\":\"https:\\\/\\\/verband-deutscher-falkner.de\\\/bw\\\/events\\\/\",\"widget_title\":\"Anstehende Veranstaltungen\",\"hide_if_no_upcoming_events\":false,\"display\":[],\"subscribe_links\":{\"gcal\":{\"label\":\"Google Kalender\",\"single_label\":\"Zu Google Kalender hinzuf\\u00fcgen\",\"visible\":true,\"block_slug\":\"hasGoogleCalendar\"},\"ical\":{\"label\":\"iCalendar\",\"single_label\":\"Zu iCalendar hinzuf\\u00fcgen\",\"visible\":true,\"block_slug\":\"hasiCal\"},\"outlook-365\":{\"label\":\"Outlook 365\",\"single_label\":\"Outlook 365\",\"visible\":true,\"block_slug\":\"hasOutlook365\"},\"outlook-live\":{\"label\":\"Outlook Live\",\"single_label\":\"Outlook Live\",\"visible\":true,\"block_slug\":\"hasOutlookLive\"},\"ics\":{\"label\":\".ics-Datei exportieren\",\"single_label\":\".ics-Datei exportieren\",\"visible\":true,\"block_slug\":null},\"outlook-ics\":{\"label\":\"Exportiere Outlook .ics Datei\",\"single_label\":\"Exportiere Outlook .ics Datei\",\"visible\":true,\"block_slug\":null}},\"_context\":{\"slug\":\"widget-events-list\"}}<\/script>\n\n\t\t\t\t\t\t\t<header class=\"tribe-events-widget-events-list__header\">\n\t\t\t\t\t<h2 class=\"tribe-events-widget-events-list__header-title tribe-common-h6 tribe-common-h--alt\">\n\t\t\t\t\t\tAnstehende Veranstaltungen\t\t\t\t\t<\/h2>\n\t\t\t\t<\/header>\n\t\t\t\n\t\t\t\n\t\t\t\t<div class=\"tribe-events-widget-events-list__events\">\n\t\t\t\t\t\t\t\t\t\t\t<div  class=\"tribe-common-g-row tribe-events-widget-events-list__event-row\" >\n\n\t<div class=\"tribe-events-widget-events-list__event-date-tag tribe-common-g-col\">\n\t<time class=\"tribe-events-widget-events-list__event-date-tag-datetime\" datetime=\"2026-04-17\">\n\t\t<span class=\"tribe-events-widget-events-list__event-date-tag-month\">\n\t\t\tApr.\t\t<\/span>\n\t\t<span class=\"tribe-events-widget-events-list__event-date-tag-daynum tribe-common-h2 tribe-common-h4--min-medium\">\n\t\t\t17\t\t<\/span>\n\t<\/time>\n<\/div>\n\n\t<div class=\"tribe-events-widget-events-list__event-wrapper tribe-common-g-col\">\n\t\t<article  class=\"tribe-events-widget-events-list__event post-584 tribe_events type-tribe_events status-publish hentry\" >\n\t\t\t<div class=\"tribe-events-widget-events-list__event-details\">\n\n\t\t\t\t<header class=\"tribe-events-widget-events-list__event-header\">\n\t\t\t\t\t<div class=\"tribe-events-widget-events-list__event-datetime-wrapper tribe-common-b2 tribe-common-b3--min-medium\">\n\t\t<time class=\"tribe-events-widget-events-list__event-datetime\" datetime=\"2026-04-17\">\n\t\t<span class=\"tribe-event-date-start\">April 17<\/span> - <span class=\"tribe-event-date-end\">April 19<\/span>\t<\/time>\n\t<\/div>\n\t\t\t\t\t<h3 class=\"tribe-events-widget-events-list__event-title tribe-common-h7\">\n\t<a\n\t\thref=\"https:\/\/verband-deutscher-falkner.de\/bw\/event\/vorbereitungskurs-falknerpruefung-bw\/\"\n\t\ttitle=\"Vorbereitungskurs Falknerpr\u00fcfung BW\"\n\t\trel=\"bookmark\"\n\t\tclass=\"tribe-events-widget-events-list__event-title-link tribe-common-anchor-thin\"\n\t>\n\t\tVorbereitungskurs Falknerpr\u00fcfung BW\t<\/a>\n<\/h3>\n\t\t\t\t<\/header>\n\n\t\t\t\t\n\t\t\t<\/div>\n\t\t<\/article>\n\t<\/div>\n\n<\/div>\n\t\t\t\t\t\t\t\t\t<\/div>\n\n\t\t\t\t<div class=\"tribe-events-widget-events-list__view-more tribe-common-b1 tribe-common-b2--min-medium\">\n\t<a\n\t\thref=\"https:\/\/verband-deutscher-falkner.de\/bw\/events\/\"\n\t\tclass=\"tribe-events-widget-events-list__view-more-link tribe-common-anchor-thin\"\n\t\ttitle=\"Weitere Veranstaltungen anzeigen.\"\n\t>\n\t\tKalender anzeigen\t<\/a>\n<\/div>\n\n\t\t\t\t\t<\/div>\n\t<\/div>\n<\/div>\n<script data-js='tribe-events-view-nonce-data' type='application\/json'>{\"tvn1\":\"f3f470c810\",\"tvn2\":\"\"}<\/script>\t\t\t\t<\/div>\n\t\t\t\t<\/div>\n\t\t\t\t<div class=\"elementor-element elementor-element-44f12f4 elementor-widget__width-initial elementor-widget elementor-widget-text-editor\" data-id=\"44f12f4\" data-element_type=\"widget\" data-e-type=\"widget\" data-widget_type=\"text-editor.default\">\n\t\t\t\t<div class=\"elementor-widget-container\">\n\t\t\t\t\t\t\t\t\t<p><!-- wp:uagb\/advanced-heading {\"block_id\":\"1f9d1b71\",\"classMigrate\":true,\"headingTag\":\"h3\"} --><\/p>\n<h6><strong style=\"color: var( --e-global-color-text );font-size: 1.25em\">Weitere Informationen unter:\u00a0\u00a0\u00a0\u00a0\u00a0\u00a0\u00a0<a href=\"http:\/\/www.jagdschule-schrag.de\/\" target=\"_blank\" rel=\"noopener\">www.jagdschule-schrag.de<\/a><\/strong><\/h6><!-- \/wp:uagb\/advanced-heading -->\t\t\t\t\t\t\t\t<\/div>\n\t\t\t\t<\/div>\n\t\t\t\t\t<\/div>\n\t\t<\/div>\n\t\t\t\t\t<\/div>\n\t\t<\/section>\n\t\t\t\t<\/div>\n\t\t","protected":false},"excerpt":{"rendered":"<p>Falknerpr\u00fcfung In Kooperation mit der&nbsp;\u201eSchule f\u00fcr \u00d6kologie, Jagd und Falknerei\u201c&nbsp;bilden wir seit dem Jahre 2008 Falkner und Falknerinnen aus. Bis dato haben alle TeilnehmerInnen die Pr\u00fcfung zum Falknerjagdschein erfolgreich bestanden.&nbsp; In Zusammenarbeit mit erfahrenen&#46;&#46;&#46;<\/p>\n","protected":false},"author":1,"featured_media":0,"parent":0,"menu_order":0,"comment_status":"closed","ping_status":"closed","template":"","meta":{"_uag_custom_page_level_css":"","_coblocks_attr":"","_coblocks_dimensions":"","_coblocks_responsive_height":"","_coblocks_accordion_ie_support":"","pgc_sgb_lightbox_settings":"","footnotes":""},"class_list":["post-476","page","type-page","status-publish","hentry"],"uagb_featured_image_src":{"full":false,"thumbnail":false,"medium":false,"medium_large":false,"large":false,"1536x1536":false,"2048x2048":false,"thumb-small":false,"thumb-standard":false,"thumb-medium":false,"thumb-large":false,"thumb-xlarge":false,"thumb-xxlarge":false},"uagb_author_info":{"display_name":"vdfadmin","author_link":"https:\/\/verband-deutscher-falkner.de\/bw\/author\/vdfadmin\/"},"uagb_comment_info":0,"uagb_excerpt":"Falknerpr\u00fcfung In Kooperation mit der&nbsp;\u201eSchule f\u00fcr \u00d6kologie, Jagd und Falknerei\u201c&nbsp;bilden wir seit dem Jahre 2008 Falkner und Falknerinnen aus. Bis dato haben alle TeilnehmerInnen die Pr\u00fcfung zum Falknerjagdschein erfolgreich bestanden.&nbsp; In Zusammenarbeit mit erfahrenen&#46;&#46;&#46;","_links":{"self":[{"href":"https:\/\/verband-deutscher-falkner.de\/bw\/wp-json\/wp\/v2\/pages\/476","targetHints":{"allow":["GET"]}}],"collection":[{"href":"https:\/\/verband-deutscher-falkner.de\/bw\/wp-json\/wp\/v2\/pages"}],"about":[{"href":"https:\/\/verband-deutscher-falkner.de\/bw\/wp-json\/wp\/v2\/types\/page"}],"author":[{"embeddable":true,"href":"https:\/\/verband-deutscher-falkner.de\/bw\/wp-json\/wp\/v2\/users\/1"}],"replies":[{"embeddable":true,"href":"https:\/\/verband-deutscher-falkner.de\/bw\/wp-json\/wp\/v2\/comments?post=476"}],"version-history":[{"count":37,"href":"https:\/\/verband-deutscher-falkner.de\/bw\/wp-json\/wp\/v2\/pages\/476\/revisions"}],"predecessor-version":[{"id":625,"href":"https:\/\/verband-deutscher-falkner.de\/bw\/wp-json\/wp\/v2\/pages\/476\/revisions\/625"}],"wp:attachment":[{"href":"https:\/\/verband-deutscher-falkner.de\/bw\/wp-json\/wp\/v2\/media?parent=476"}],"curies":[{"name":"wp","href":"https:\/\/api.w.org\/{rel}","templated":true}]}}