{"id":38,"date":"2023-07-19T10:41:04","date_gmt":"2023-07-19T08:41:04","guid":{"rendered":"https:\/\/verband-deutscher-falkner.de\/nord\/?page_id=38"},"modified":"2024-02-18T20:21:26","modified_gmt":"2024-02-18T19:21:26","slug":"home","status":"publish","type":"page","link":"https:\/\/verband-deutscher-falkner.de\/nord\/","title":{"rendered":"Home"},"content":{"rendered":"\n<p>Wir sind der Landesverband Nord. <\/p>\n\n\n<p>Wir sind die j\u00fcngste Station des Verbandes, wir haben im August 2023 die Landesgruppe Nord erneut gegr\u00fcndet.<\/p>\n<p>Unser Ziel ist es, diese jahrhundertealte Tradition und die tiefe Verbundenheit zwischen Mensch und Greifvogel mit vielen Menschen zu teilen. Wir setzen uns leidenschaftlich daf\u00fcr ein, nicht nur diese Tradition zu bewahren, sondern sie auch auf eine Weise zu vermitteln, die Herzen ber\u00fchrt und Leidenschaft entz\u00fcndet.<\/p>\n<p>Die Anerkennung durch die UNESCO hat uns stolz gemacht und die Verantwortung gefestigt, Aufkl\u00e4rungs- und Informationsarbeit zu leisten. Wir sehen es als unsere Mission an, dieses Erbe zu bewahren, zu pflegen und f\u00fcr weitere Generationen lebendig zu halten. In einer Welt, die von Technologie und Schnelllebigkeit gepr\u00e4gt ist, m\u00f6chten wir die Menschen dazu inspirieren, die tiefe Verbindung zwischen Mensch und Natur zu erleben und zu verstehen.<\/p>","protected":false},"excerpt":{"rendered":"<p>Wir sind der Landesverband Nord. Wir sind die j\u00fcngste Station des Verbandes, wir haben im August 2023 die Landesgruppe Nord erneut gegr\u00fcndet. Unser Ziel ist es, diese jahrhundertealte Tradition und die tiefe Verbundenheit zwischen&#46;&#46;&#46;<\/p>\n","protected":false},"author":1,"featured_media":0,"parent":0,"menu_order":0,"comment_status":"closed","ping_status":"closed","template":"","meta":{"_uag_custom_page_level_css":"","_coblocks_attr":"","_coblocks_dimensions":"","_coblocks_responsive_height":"","_coblocks_accordion_ie_support":"","pgc_sgb_lightbox_settings":"","footnotes":""},"class_list":["post-38","page","type-page","status-publish","hentry"],"uagb_featured_image_src":{"full":false,"thumbnail":false,"medium":false,"medium_large":false,"large":false,"1536x1536":false,"2048x2048":false,"thumb-small":false,"thumb-standard":false,"thumb-medium":false,"thumb-large":false,"thumb-xlarge":false,"thumb-xxlarge":false},"uagb_author_info":{"display_name":"vdfadmin","author_link":"https:\/\/verband-deutscher-falkner.de\/nord\/author\/vdfadmin\/"},"uagb_comment_info":0,"uagb_excerpt":"Wir sind der Landesverband Nord. Wir sind die j\u00fcngste Station des Verbandes, wir haben im August 2023 die Landesgruppe Nord erneut gegr\u00fcndet. Unser Ziel ist es, diese jahrhundertealte Tradition und die tiefe Verbundenheit zwischen&#46;&#46;&#46;","_links":{"self":[{"href":"https:\/\/verband-deutscher-falkner.de\/nord\/wp-json\/wp\/v2\/pages\/38","targetHints":{"allow":["GET"]}}],"collection":[{"href":"https:\/\/verband-deutscher-falkner.de\/nord\/wp-json\/wp\/v2\/pages"}],"about":[{"href":"https:\/\/verband-deutscher-falkner.de\/nord\/wp-json\/wp\/v2\/types\/page"}],"author":[{"embeddable":true,"href":"https:\/\/verband-deutscher-falkner.de\/nord\/wp-json\/wp\/v2\/users\/1"}],"replies":[{"embeddable":true,"href":"https:\/\/verband-deutscher-falkner.de\/nord\/wp-json\/wp\/v2\/comments?post=38"}],"version-history":[{"count":12,"href":"https:\/\/verband-deutscher-falkner.de\/nord\/wp-json\/wp\/v2\/pages\/38\/revisions"}],"predecessor-version":[{"id":149,"href":"https:\/\/verband-deutscher-falkner.de\/nord\/wp-json\/wp\/v2\/pages\/38\/revisions\/149"}],"wp:attachment":[{"href":"https:\/\/verband-deutscher-falkner.de\/nord\/wp-json\/wp\/v2\/media?parent=38"}],"curies":[{"name":"wp","href":"https:\/\/api.w.org\/{rel}","templated":true}]}}