{"id":31,"date":"2023-07-19T09:25:18","date_gmt":"2023-07-19T07:25:18","guid":{"rendered":"https:\/\/verband-deutscher-falkner.de\/rpsl\/?page_id=31"},"modified":"2024-02-03T08:12:52","modified_gmt":"2024-02-03T07:12:52","slug":"home","status":"publish","type":"page","link":"https:\/\/verband-deutscher-falkner.de\/rpsl\/","title":{"rendered":"Home"},"content":{"rendered":"\n<p><\/p>\n\n\n<p>Der Landesverband Rheinland-Pfalz\/Saarland wurde im September 2008 gegr\u00fcndet und hat zur Zeit einen Mitgliederstand von etwa 50 Falknerinnen und Falkner.<\/p>\n<div id=\"attachment_121\" style=\"width: 310px\" class=\"wp-caption alignright\"><a href=\"https:\/\/verband-deutscher-falkner.de\/rpsl\/wp-content\/uploads\/sites\/5\/2023\/12\/HarrisHawk-auf-Kanin1.jpg\"><img fetchpriority=\"high\" decoding=\"async\" aria-describedby=\"caption-attachment-121\" class=\"wp-image-121 size-medium\" src=\"https:\/\/verband-deutscher-falkner.de\/rpsl\/wp-content\/uploads\/sites\/5\/2023\/12\/HarrisHawk-auf-Kanin1-300x206.jpg\" alt=\"\" width=\"300\" height=\"206\" srcset=\"https:\/\/verband-deutscher-falkner.de\/rpsl\/wp-content\/uploads\/sites\/5\/2023\/12\/HarrisHawk-auf-Kanin1-300x206.jpg 300w, https:\/\/verband-deutscher-falkner.de\/rpsl\/wp-content\/uploads\/sites\/5\/2023\/12\/HarrisHawk-auf-Kanin1-1024x703.jpg 1024w, https:\/\/verband-deutscher-falkner.de\/rpsl\/wp-content\/uploads\/sites\/5\/2023\/12\/HarrisHawk-auf-Kanin1-768x527.jpg 768w, https:\/\/verband-deutscher-falkner.de\/rpsl\/wp-content\/uploads\/sites\/5\/2023\/12\/HarrisHawk-auf-Kanin1-1536x1055.jpg 1536w, https:\/\/verband-deutscher-falkner.de\/rpsl\/wp-content\/uploads\/sites\/5\/2023\/12\/HarrisHawk-auf-Kanin1.jpg 1673w\" sizes=\"(max-width: 300px) 100vw, 300px\" \/><\/a><p id=\"caption-attachment-121\" class=\"wp-caption-text\">Harris Hawk Jagdflug (@Till Gebhardt)<\/p><\/div>\n<p>Unsere Pr\u00e4misse gilt der F\u00f6rderung der praktischen Beizjagd und des Greifvogelschutzes. Unsere Mitglieder engagieren sich zudem ehrenamtlich durch Aufnahme und Pflege von verletzten Greifv\u00f6geln, natur- und kulturp\u00e4dagogische \u00d6ffentlichkeitsarbeit, Jungfalknerausbildung und naturschutzrechtlichen Aufgaben (z.B. Monitoring des Wanderfalken oder Uhus).<\/p>\n<p>Unser Ziel ist es in RLP eine Pr\u00fcfungsordnung f\u00fcr Falkner zu erstellen, dies wird jedoch nur m\u00f6glich sein im Schulterschluss zum LJV und einer in RLP ans\u00e4ssigen Jagdschule.<\/p>\n<p>Die Hauptbeizvogelart ist neben dem Habicht der Harris Hawk, f\u00fcr die in unseren Gebieten die bestm\u00f6glichen Jagdm\u00f6glichkeiten vorhanden sind.<\/p>\n<p>Gerne stehen wir Ihnen bei Fragen und Anregungen direkt (siehe Vorstand\/Obleute) oder \u00fcber unser Kontaktformular zur Verf\u00fcgung.<\/p>\n<p>Ihr<\/p>\n<p>Landesverband Rheinland-Pfalz\/Saarland<\/p>\n\n\n<p><\/p>\n","protected":false},"excerpt":{"rendered":"<p>Der Landesverband Rheinland-Pfalz\/Saarland wurde im September 2008 gegr\u00fcndet und hat zur Zeit einen Mitgliederstand von etwa 50 Falknerinnen und Falkner. Unsere Pr\u00e4misse gilt der F\u00f6rderung der praktischen Beizjagd und des Greifvogelschutzes. Unsere Mitglieder engagieren&#46;&#46;&#46;<\/p>\n","protected":false},"author":1,"featured_media":0,"parent":0,"menu_order":0,"comment_status":"closed","ping_status":"closed","template":"","meta":{"_uag_custom_page_level_css":"","_coblocks_attr":"","_coblocks_dimensions":"","_coblocks_responsive_height":"","_coblocks_accordion_ie_support":"","pgc_sgb_lightbox_settings":"","footnotes":""},"class_list":["post-31","page","type-page","status-publish","hentry"],"uagb_featured_image_src":{"full":false,"thumbnail":false,"medium":false,"medium_large":false,"large":false,"1536x1536":false,"2048x2048":false,"thumb-small":false,"thumb-standard":false,"thumb-medium":false,"thumb-large":false,"thumb-xlarge":false,"thumb-xxlarge":false},"uagb_author_info":{"display_name":"vdfadmin","author_link":"https:\/\/verband-deutscher-falkner.de\/rpsl\/author\/vdfadmin\/"},"uagb_comment_info":0,"uagb_excerpt":"Der Landesverband Rheinland-Pfalz\/Saarland wurde im September 2008 gegr\u00fcndet und hat zur Zeit einen Mitgliederstand von etwa 50 Falknerinnen und Falkner. Unsere Pr\u00e4misse gilt der F\u00f6rderung der praktischen Beizjagd und des Greifvogelschutzes. Unsere Mitglieder engagieren&#46;&#46;&#46;","_links":{"self":[{"href":"https:\/\/verband-deutscher-falkner.de\/rpsl\/wp-json\/wp\/v2\/pages\/31","targetHints":{"allow":["GET"]}}],"collection":[{"href":"https:\/\/verband-deutscher-falkner.de\/rpsl\/wp-json\/wp\/v2\/pages"}],"about":[{"href":"https:\/\/verband-deutscher-falkner.de\/rpsl\/wp-json\/wp\/v2\/types\/page"}],"author":[{"embeddable":true,"href":"https:\/\/verband-deutscher-falkner.de\/rpsl\/wp-json\/wp\/v2\/users\/1"}],"replies":[{"embeddable":true,"href":"https:\/\/verband-deutscher-falkner.de\/rpsl\/wp-json\/wp\/v2\/comments?post=31"}],"version-history":[{"count":9,"href":"https:\/\/verband-deutscher-falkner.de\/rpsl\/wp-json\/wp\/v2\/pages\/31\/revisions"}],"predecessor-version":[{"id":197,"href":"https:\/\/verband-deutscher-falkner.de\/rpsl\/wp-json\/wp\/v2\/pages\/31\/revisions\/197"}],"wp:attachment":[{"href":"https:\/\/verband-deutscher-falkner.de\/rpsl\/wp-json\/wp\/v2\/media?parent=31"}],"curies":[{"name":"wp","href":"https:\/\/api.w.org\/{rel}","templated":true}]}}