{"id":188,"date":"2024-01-05T07:12:17","date_gmt":"2024-01-05T06:12:17","guid":{"rendered":"https:\/\/verband-deutscher-falkner.de\/sa\/?page_id=188"},"modified":"2024-01-05T09:30:49","modified_gmt":"2024-01-05T08:30:49","slug":"archiv","status":"publish","type":"page","link":"https:\/\/verband-deutscher-falkner.de\/sa\/archiv\/","title":{"rendered":"Archiv"},"content":{"rendered":"<div class=\"sya_container\" id=\"sya_container\"><h3><a id=\"year2025\"><\/a><a href=\"https:\/\/verband-deutscher-falkner.de\/sa\/2025\/\" rel=\"section\">2025<\/a><\/h3><ul><li class=\"\"><div class=\"sya_postcontent\"><span class=\"sya_date\">28. Juni <span class=\"sya_sep\">- <\/span><\/span><a href=\"https:\/\/verband-deutscher-falkner.de\/sa\/2025\/06\/28\/1417\/\" class=\"sya_postlink post-1417\" rel=\"bookmark\">\u00d6ffentlichkeitsarbeit beim Jugendcamp des Landesanglerverbandes Sachsen-Anhalt e.V.<\/a><\/div><\/li><li class=\"\"><div class=\"sya_postcontent\"><span class=\"sya_date\">18. Mai <span class=\"sya_sep\">- <\/span><\/span><a href=\"https:\/\/verband-deutscher-falkner.de\/sa\/2025\/05\/18\/landesjaegertag-2025-in-wernigerode\/\" class=\"sya_postlink post-1398\" rel=\"bookmark\">Landesj\u00e4gertag 2025 in Wernigerode<\/a><\/div><\/li><li class=\"\"><div class=\"sya_postcontent\"><span class=\"sya_date\">26. April <span class=\"sya_sep\">- <\/span><\/span><a href=\"https:\/\/verband-deutscher-falkner.de\/sa\/2025\/04\/26\/35-jahre-landesjagdverband-sachsen-anhalt\/\" class=\"sya_postlink post-1383\" rel=\"bookmark\">35 Jahre Landesjagdverband Sachsen-Anhalt<\/a><\/div><\/li><li class=\"\"><div class=\"sya_postcontent\"><span class=\"sya_date\">06. April <span class=\"sya_sep\">- <\/span><\/span><a href=\"https:\/\/verband-deutscher-falkner.de\/sa\/2025\/04\/06\/fruehjahrstagung-05-04-2025\/\" class=\"sya_postlink post-1378\" rel=\"bookmark\">Fr\u00fchjahrstagung 05.04.2025<\/a><\/div><\/li><li class=\"\"><div class=\"sya_postcontent\"><span class=\"sya_date\">23. M\u00e4rz <span class=\"sya_sep\">- <\/span><\/span><a href=\"https:\/\/verband-deutscher-falkner.de\/sa\/2025\/03\/23\/falknerkurs-2025-im-lv-sachsen-anhalt\/\" class=\"sya_postlink post-1375\" rel=\"bookmark\">Falknerkurs 2025 im LV Sachsen-Anhalt<\/a><\/div><\/li><li class=\"\"><div class=\"sya_postcontent\"><span class=\"sya_date\">09. Januar <span class=\"sya_sep\">- <\/span><\/span><a href=\"https:\/\/verband-deutscher-falkner.de\/sa\/2025\/01\/09\/save-the-date\/\" class=\"sya_postlink post-1364\" rel=\"bookmark\">Save the Date<\/a><\/div><\/li><\/ul><h3><a id=\"year2024\"><\/a><a href=\"https:\/\/verband-deutscher-falkner.de\/sa\/2024\/\" rel=\"section\">2024<\/a><\/h3><ul><li class=\"\"><div class=\"sya_postcontent\"><span class=\"sya_date\">06. November <span class=\"sya_sep\">- <\/span><\/span><a href=\"https:\/\/verband-deutscher-falkner.de\/sa\/2024\/11\/06\/gelungene-herbst-landestagung-des-verbandes-deutscher-falkner-sachsen-anhalt-e-v\/\" class=\"sya_postlink post-1224\" rel=\"bookmark\">Gelungene Herbst-Landestagung des Verbandes Deutscher Falkner Sachsen-Anhalt e.V.<\/a><\/div><\/li><li class=\"\"><div class=\"sya_postcontent\"><span class=\"sya_date\">07. Oktober <span class=\"sya_sep\">- <\/span><\/span><a href=\"https:\/\/verband-deutscher-falkner.de\/sa\/2024\/10\/07\/falknerei-im-doppelpack-zwei-zeitgleiche-beizjagden-im-landesverband-sachsen-anhalt\/\" class=\"sya_postlink post-1199\" rel=\"bookmark\">Falknerei im Doppelpack: Zwei zeitgleiche Beizjagden im Landesverband Sachsen-Anhalt<\/a><\/div><\/li><li class=\"\"><div class=\"sya_postcontent\"><span class=\"sya_date\">29. August <span class=\"sya_sep\">- <\/span><\/span><a href=\"https:\/\/verband-deutscher-falkner.de\/sa\/2024\/08\/29\/sommerfest-des-verbands-deutscher-falkner-sachsen-anhalt-e-v-auf-der-hundisburg-ein-tag-voller-aktivitaeten-und-gemeinschaft\/\" class=\"sya_postlink post-1186\" rel=\"bookmark\">Sommerfest des Verbands Deutscher Falkner Sachsen-Anhalt e.V. auf der Hundisburg: Ein Tag voller Aktivit\u00e4ten und Gemeinschaft<\/a><\/div><\/li><li class=\"\"><div class=\"sya_postcontent\"><span class=\"sya_date\">05. August <span class=\"sya_sep\">- <\/span><\/span><a href=\"https:\/\/verband-deutscher-falkner.de\/sa\/2024\/08\/05\/besuch-des-verbands-deutscher-falkner-landesverband-sachsen-anhalt-e-v-beim-gefechtsuebungszentrum-heer\/\" class=\"sya_postlink post-884\" rel=\"bookmark\">Besuch des Verbands Deutscher Falkner Landesverband Sachsen-Anhalt e.V. beim Gefechts\u00fcbungszentrum Heer<\/a><\/div><\/li><li class=\"\"><div class=\"sya_postcontent\"><span class=\"sya_date\">27. Mai <span class=\"sya_sep\">- <\/span><\/span><a href=\"https:\/\/verband-deutscher-falkner.de\/sa\/2024\/05\/27\/einladung-des-verbands-deutscher-falkner-sachsen-anhalt-zum-landesjaegertag-2024-als-mitglied-im-landesjagdverband-sachsen-anhalt\/\" class=\"sya_postlink post-853\" rel=\"bookmark\">Teilnahme des Verbands Deutscher Falkner Sachsen-Anhalt beim Landesj\u00e4gertag 2024 als Mitglied im Landesjagdverband Sachsen-Anhalt e.V.<\/a><\/div><\/li><li class=\"\"><div class=\"sya_postcontent\"><span class=\"sya_date\">20. Mai <span class=\"sya_sep\">- <\/span><\/span><a href=\"https:\/\/verband-deutscher-falkner.de\/sa\/2024\/05\/20\/erfolgsgeschichte-des-sperlingskauzprojekts-von-ralf-kartheuser\/\" class=\"sya_postlink post-838\" rel=\"bookmark\">Erfolgsgeschichte des Sperlingskauzprojekts von Eckard Kartheuser<\/a><\/div><\/li><li class=\"\"><div class=\"sya_postcontent\"><span class=\"sya_date\">19. Mai <span class=\"sya_sep\">- <\/span><\/span><a href=\"https:\/\/verband-deutscher-falkner.de\/sa\/2024\/05\/19\/kooperation-des-vdf-landesverband-sachsen-anhalt-e-v-mit-dem-pilotprojekt-wilde-feldflur\/\" class=\"sya_postlink post-748\" rel=\"bookmark\">Kooperation des VDF Landesverband Sachsen-Anhalt e.V. mit dem Pilotprojekt \u201eWilde Feldflur\u201c<\/a><\/div><\/li><li class=\"\"><div class=\"sya_postcontent\"><span class=\"sya_date\">09. Mai <span class=\"sya_sep\">- <\/span><\/span><a href=\"https:\/\/verband-deutscher-falkner.de\/sa\/2024\/05\/09\/verband-deutscher-falkner-sachsen-anhalt-e-v-unterstuetzt-den-deutschen-teckelclub-bei-koerschau\/\" class=\"sya_postlink post-737\" rel=\"bookmark\">Verband Deutscher Falkner Sachsen-Anhalt e.V. unterst\u00fctzt den Deutschen Teckelclub bei K\u00f6rschau<\/a><\/div><\/li><li class=\"\"><div class=\"sya_postcontent\"><span class=\"sya_date\">04. Mai <span class=\"sya_sep\">- <\/span><\/span><a href=\"https:\/\/verband-deutscher-falkner.de\/sa\/2024\/05\/04\/juergen-paetzold-80-jahre-65-jahre-falknerei-und-greifvogelschutz-nachtraeglich-herzlichen-glueckwunsch\/\" class=\"sya_postlink post-646\" rel=\"bookmark\">J\u00fcrgen P\u00e4tzold 80 Jahre &#8211; 65 Jahre Falknerei und Greifvogelschutz &#8211; nachtr\u00e4glich Herzlichen Gl\u00fcckwunsch<\/a><\/div><\/li><li class=\"\"><div class=\"sya_postcontent\"><span class=\"sya_date\">07. M\u00e4rz <span class=\"sya_sep\">- <\/span><\/span><a href=\"https:\/\/verband-deutscher-falkner.de\/sa\/2024\/03\/07\/mitgliederversammlung-06-04-2024\/\" class=\"sya_postlink post-456\" rel=\"bookmark\">Mitgliederversammlung 06.04.2024<\/a><\/div><\/li><\/ul><h3><a id=\"year2023\"><\/a><a href=\"https:\/\/verband-deutscher-falkner.de\/sa\/2023\/\" rel=\"section\">2023<\/a><\/h3><ul><li class=\"\"><div class=\"sya_postcontent\"><span class=\"sya_date\">18. September <span class=\"sya_sep\">- <\/span><\/span><a href=\"https:\/\/verband-deutscher-falkner.de\/sa\/2023\/09\/18\/landeserntedankfest-im-elbauenpark-magdeburg\/\" class=\"sya_postlink post-523\" rel=\"bookmark\">Landeserntedankfest im Elbauenpark Magdeburg<\/a><\/div><\/li><li class=\"\"><div class=\"sya_postcontent\"><span class=\"sya_date\">05. August <span class=\"sya_sep\">- <\/span><\/span><a href=\"https:\/\/verband-deutscher-falkner.de\/sa\/2023\/08\/05\/aktuelles\/\" class=\"sya_postlink post-41\" rel=\"bookmark\">Auszeichnung von Eckhardt Kartheuser mit der Ehrennadel in Gold<\/a><\/div><\/li><\/ul><\/div>\n","protected":false},"excerpt":{"rendered":"","protected":false},"author":1,"featured_media":0,"parent":0,"menu_order":0,"comment_status":"closed","ping_status":"closed","template":"","meta":{"_uag_custom_page_level_css":"","_coblocks_attr":"","_coblocks_dimensions":"","_coblocks_responsive_height":"","_coblocks_accordion_ie_support":"","pgc_sgb_lightbox_settings":"","footnotes":""},"class_list":["post-188","page","type-page","status-publish","hentry"],"uagb_featured_image_src":{"full":false,"thumbnail":false,"medium":false,"medium_large":false,"large":false,"1536x1536":false,"2048x2048":false,"thumb-small":false,"thumb-standard":false,"thumb-medium":false,"thumb-large":false,"thumb-xlarge":false,"thumb-xxlarge":false},"uagb_author_info":{"display_name":"vdfadmin","author_link":"https:\/\/verband-deutscher-falkner.de\/sa\/author\/vdfadmin\/"},"uagb_comment_info":0,"uagb_excerpt":null,"_links":{"self":[{"href":"https:\/\/verband-deutscher-falkner.de\/sa\/wp-json\/wp\/v2\/pages\/188","targetHints":{"allow":["GET"]}}],"collection":[{"href":"https:\/\/verband-deutscher-falkner.de\/sa\/wp-json\/wp\/v2\/pages"}],"about":[{"href":"https:\/\/verband-deutscher-falkner.de\/sa\/wp-json\/wp\/v2\/types\/page"}],"author":[{"embeddable":true,"href":"https:\/\/verband-deutscher-falkner.de\/sa\/wp-json\/wp\/v2\/users\/1"}],"replies":[{"embeddable":true,"href":"https:\/\/verband-deutscher-falkner.de\/sa\/wp-json\/wp\/v2\/comments?post=188"}],"version-history":[{"count":3,"href":"https:\/\/verband-deutscher-falkner.de\/sa\/wp-json\/wp\/v2\/pages\/188\/revisions"}],"predecessor-version":[{"id":192,"href":"https:\/\/verband-deutscher-falkner.de\/sa\/wp-json\/wp\/v2\/pages\/188\/revisions\/192"}],"wp:attachment":[{"href":"https:\/\/verband-deutscher-falkner.de\/sa\/wp-json\/wp\/v2\/media?parent=188"}],"curies":[{"name":"wp","href":"https:\/\/api.w.org\/{rel}","templated":true}]}}