{"id":30,"date":"2023-07-19T09:37:24","date_gmt":"2023-07-19T07:37:24","guid":{"rendered":"https:\/\/verband-deutscher-falkner.de\/sa\/?page_id=30"},"modified":"2026-04-06T09:19:32","modified_gmt":"2026-04-06T07:19:32","slug":"home","status":"publish","type":"page","link":"https:\/\/verband-deutscher-falkner.de\/sa\/","title":{"rendered":"Home"},"content":{"rendered":"\n<p>Nach Gr\u00fcndung des VDF 1990 entstand aus den damaligen Bezirksarbeitsgruppen \u201eFalknerei und Greifvogelschutz\u201c der Bezirke Halle und Magdeburg der Landesverband Sachsen-Anhalt. Inzwischen z\u00e4hlt unser LV ca. 123 Mitglieder, wobei auch zahlreiche Interessenten aus den alten Bundesl\u00e4ndern in den letzten Jahren zu uns kamen.<\/p>\n\n\n<div class=\"wp-block-image has-lightbox\">\n<figure class=\"alignright size-large is-resized\"><img fetchpriority=\"high\" decoding=\"async\" width=\"1024\" height=\"808\" src=\"https:\/\/verband-deutscher-falkner.de\/sa\/wp-content\/uploads\/sites\/6\/2024\/05\/Beizjagd_VDF_SA-1024x808.jpg\" alt=\"\" class=\"wp-image-658\" style=\"width:200px\" srcset=\"https:\/\/verband-deutscher-falkner.de\/sa\/wp-content\/uploads\/sites\/6\/2024\/05\/Beizjagd_VDF_SA-1024x808.jpg 1024w, https:\/\/verband-deutscher-falkner.de\/sa\/wp-content\/uploads\/sites\/6\/2024\/05\/Beizjagd_VDF_SA-300x237.jpg 300w, https:\/\/verband-deutscher-falkner.de\/sa\/wp-content\/uploads\/sites\/6\/2024\/05\/Beizjagd_VDF_SA-768x606.jpg 768w, https:\/\/verband-deutscher-falkner.de\/sa\/wp-content\/uploads\/sites\/6\/2024\/05\/Beizjagd_VDF_SA-1536x1212.jpg 1536w, https:\/\/verband-deutscher-falkner.de\/sa\/wp-content\/uploads\/sites\/6\/2024\/05\/Beizjagd_VDF_SA.jpg 1796w\" sizes=\"(max-width: 1024px) 100vw, 1024px\" \/><\/figure><\/div>\n\n\n<p class=\"has-text-align-left\">Die Weiterf\u00fchrung nationalen Kulturerbes und Pflege jagdlichen Brauchtums haben wir von Anfang an auf unsere Fahnen geschrieben. Dabei nimmt neben der praktischen Falknerei der Greifvogelschutz einen breiten Raum in unserer T\u00e4tigkeit ein. So werden von unseren Mitgliedern zahlreiche verletzte Greifv\u00f6gel j\u00e4hrlich vor\u00fcbergehend versorgt. Einige Falkner engagieren sich in Naturschutzprojekten und sind erfolgreiche Greifvogelz\u00fcchter. Schon traditionell gestalten wir den Sachsen-Anhalt-Tag und andere Stadtfeste mit, arbeiten als Referent in der Ausbildung zum J\u00e4ger und halten Vortr\u00e4ge vor Schulklassen. Schon viele Jahre findet in unserem Bundesland eine j\u00e4hrliche Falkner Pr\u00fcfung statt, wo erfahrene Falkner aus unseren Reihen als Pr\u00fcfer t\u00e4tig sind. Der am h\u00e4ufigsten zum Einsatz kommende Beizvogel unserer Mitglieder ist der Habicht.<\/p>\n\n\n\n<p>J\u00e4hrlich f\u00fchren wir zwei Mitgliederversammlungen durch. Im Herbst eines jeden Jahres sind diese mit einer gemeinsamen Beizjagd verbunden. <\/p>\n\n\n\n<p>Ihr<br>Landesverband Sachsen-Anhalt<\/p>\n","protected":false},"excerpt":{"rendered":"<p>Nach Gr\u00fcndung des VDF 1990 entstand aus den damaligen Bezirksarbeitsgruppen \u201eFalknerei und Greifvogelschutz\u201c der Bezirke Halle und Magdeburg der Landesverband Sachsen-Anhalt. Inzwischen z\u00e4hlt unser LV ca. 123 Mitglieder, wobei auch zahlreiche Interessenten aus den&#46;&#46;&#46;<\/p>\n","protected":false},"author":1,"featured_media":0,"parent":0,"menu_order":0,"comment_status":"closed","ping_status":"closed","template":"","meta":{"_uag_custom_page_level_css":"","_coblocks_attr":"","_coblocks_dimensions":"","_coblocks_responsive_height":"","_coblocks_accordion_ie_support":"","pgc_sgb_lightbox_settings":"","footnotes":""},"class_list":["post-30","page","type-page","status-publish","hentry"],"uagb_featured_image_src":{"full":false,"thumbnail":false,"medium":false,"medium_large":false,"large":false,"1536x1536":false,"2048x2048":false,"thumb-small":false,"thumb-standard":false,"thumb-medium":false,"thumb-large":false,"thumb-xlarge":false,"thumb-xxlarge":false},"uagb_author_info":{"display_name":"vdfadmin","author_link":"https:\/\/verband-deutscher-falkner.de\/sa\/author\/vdfadmin\/"},"uagb_comment_info":0,"uagb_excerpt":"Nach Gr\u00fcndung des VDF 1990 entstand aus den damaligen Bezirksarbeitsgruppen \u201eFalknerei und Greifvogelschutz\u201c der Bezirke Halle und Magdeburg der Landesverband Sachsen-Anhalt. Inzwischen z\u00e4hlt unser LV ca. 123 Mitglieder, wobei auch zahlreiche Interessenten aus den&#46;&#46;&#46;","_links":{"self":[{"href":"https:\/\/verband-deutscher-falkner.de\/sa\/wp-json\/wp\/v2\/pages\/30","targetHints":{"allow":["GET"]}}],"collection":[{"href":"https:\/\/verband-deutscher-falkner.de\/sa\/wp-json\/wp\/v2\/pages"}],"about":[{"href":"https:\/\/verband-deutscher-falkner.de\/sa\/wp-json\/wp\/v2\/types\/page"}],"author":[{"embeddable":true,"href":"https:\/\/verband-deutscher-falkner.de\/sa\/wp-json\/wp\/v2\/users\/1"}],"replies":[{"embeddable":true,"href":"https:\/\/verband-deutscher-falkner.de\/sa\/wp-json\/wp\/v2\/comments?post=30"}],"version-history":[{"count":24,"href":"https:\/\/verband-deutscher-falkner.de\/sa\/wp-json\/wp\/v2\/pages\/30\/revisions"}],"predecessor-version":[{"id":1491,"href":"https:\/\/verband-deutscher-falkner.de\/sa\/wp-json\/wp\/v2\/pages\/30\/revisions\/1491"}],"wp:attachment":[{"href":"https:\/\/verband-deutscher-falkner.de\/sa\/wp-json\/wp\/v2\/media?parent=30"}],"curies":[{"name":"wp","href":"https:\/\/api.w.org\/{rel}","templated":true}]}}