{"id":585,"date":"2024-04-29T17:40:04","date_gmt":"2024-04-29T15:40:04","guid":{"rendered":"https:\/\/verband-deutscher-falkner.de\/sa\/?page_id=585"},"modified":"2026-04-06T08:58:11","modified_gmt":"2026-04-06T06:58:11","slug":"seminare-2","status":"publish","type":"page","link":"https:\/\/verband-deutscher-falkner.de\/sa\/seminare-2\/","title":{"rendered":"Seminare"},"content":{"rendered":"\n<p class=\"has-arial-font-family has-custom-font\" style=\"font-family:Arial\">Der Falknerkurs\/ Sachkundelehrgang findet voraussichtlich vom <strong>21.09 &#8211; 25.09.2026<\/strong> in der idyllischen Sch\u00f6nebecker Jagd- und Naturschule in Pretzien statt. Dieanschlie\u00dfend e Falknerpr\u00fcfung w\u00fcrde dann am <strong>26.09.2026<\/strong> in den R\u00e4umlichkeiten des LJV Sachsen-Anhalt stattfinden.<\/p>\n\n\n\n<p class=\"has-arial-font-family has-custom-font\" style=\"font-family:Arial\">Erleben Sie die faszinierende Welt der Greifv\u00f6gel und vertiefen Sie Ihr Wissen \u00fcber Pflege, Ausbildung und die traditionelle Falknerei. Dieser Kurs bietet eine einzigartige Gelegenheit, von erfahrenen Falknern zu lernen und praktische Erfahrungen zu sammeln.<\/p>\n\n\n\n<p class=\"has-arial-font-family has-custom-font\" style=\"font-family:Arial\">Die Sch\u00f6nebecker Jagd- und Naturschule stellt die ideale Umgebung f\u00fcr diesen Kurs dar, eingebettet in die nat\u00fcrliche Sch\u00f6nheit der Umgebung. Bereiten Sie sich darauf vor, die majest\u00e4tischen V\u00f6gel hautnah zu erleben und ihr Verhalten zu verstehen.<\/p>\n\n\n\n<p class=\"has-arial-font-family has-custom-font\" style=\"font-family:Arial\">F\u00fcr Anmeldungen und Fragen zum Kurs wenden Sie sich bitte an <a href=\"mailto:gerhard.teuber@verband-deutscher-falkner.de\">gerhard.teuber@verband-deutscher-falkner.de<\/a>. Wir stehen Ihnen gerne zur Verf\u00fcgung und freuen uns darauf, Sie beim 2. Falknerkurs\/ Sachkundelehrgang in 2026 willkommen zu hei\u00dfen!<\/p>\n\n\n\n<figure class=\"wp-block-image size-large\"><img fetchpriority=\"high\" decoding=\"async\" width=\"1024\" height=\"768\" src=\"https:\/\/verband-deutscher-falkner.de\/sa\/wp-content\/uploads\/sites\/6\/2025\/06\/IMG_0211-1024x768.jpeg\" alt=\"\" class=\"wp-image-1442\" srcset=\"https:\/\/verband-deutscher-falkner.de\/sa\/wp-content\/uploads\/sites\/6\/2025\/06\/IMG_0211-1024x768.jpeg 1024w, https:\/\/verband-deutscher-falkner.de\/sa\/wp-content\/uploads\/sites\/6\/2025\/06\/IMG_0211-300x225.jpeg 300w, https:\/\/verband-deutscher-falkner.de\/sa\/wp-content\/uploads\/sites\/6\/2025\/06\/IMG_0211-768x576.jpeg 768w, https:\/\/verband-deutscher-falkner.de\/sa\/wp-content\/uploads\/sites\/6\/2025\/06\/IMG_0211-1536x1152.jpeg 1536w, https:\/\/verband-deutscher-falkner.de\/sa\/wp-content\/uploads\/sites\/6\/2025\/06\/IMG_0211.jpeg 2048w\" sizes=\"(max-width: 1024px) 100vw, 1024px\" \/><\/figure>\n\n\n\n<figure class=\"wp-block-image size-large\"><img decoding=\"async\" width=\"1024\" height=\"577\" data-src=\"https:\/\/verband-deutscher-falkner.de\/sa\/wp-content\/uploads\/sites\/6\/2025\/06\/db781219-5fae-4ff2-99a8-520df81d9c6f-4-1024x577.jpeg\" alt=\"\" class=\"wp-image-1450 lazyload\" data-srcset=\"https:\/\/verband-deutscher-falkner.de\/sa\/wp-content\/uploads\/sites\/6\/2025\/06\/db781219-5fae-4ff2-99a8-520df81d9c6f-4-1024x577.jpeg 1024w, https:\/\/verband-deutscher-falkner.de\/sa\/wp-content\/uploads\/sites\/6\/2025\/06\/db781219-5fae-4ff2-99a8-520df81d9c6f-4-300x169.jpeg 300w, https:\/\/verband-deutscher-falkner.de\/sa\/wp-content\/uploads\/sites\/6\/2025\/06\/db781219-5fae-4ff2-99a8-520df81d9c6f-4-768x432.jpeg 768w, https:\/\/verband-deutscher-falkner.de\/sa\/wp-content\/uploads\/sites\/6\/2025\/06\/db781219-5fae-4ff2-99a8-520df81d9c6f-4-1536x865.jpeg 1536w, https:\/\/verband-deutscher-falkner.de\/sa\/wp-content\/uploads\/sites\/6\/2025\/06\/db781219-5fae-4ff2-99a8-520df81d9c6f-4.jpeg 2048w\" data-sizes=\"(max-width: 1024px) 100vw, 1024px\" src=\"data:image\/gif;base64,R0lGODlhAQABAAAAACH5BAEKAAEALAAAAAABAAEAAAICTAEAOw==\" style=\"--smush-placeholder-width: 1024px; --smush-placeholder-aspect-ratio: 1024\/577;\" \/><\/figure>\n","protected":false},"excerpt":{"rendered":"<p>Der Falknerkurs\/ Sachkundelehrgang findet voraussichtlich vom 21.09 &#8211; 25.09.2026 in der idyllischen Sch\u00f6nebecker Jagd- und Naturschule in Pretzien statt. Dieanschlie\u00dfend e Falknerpr\u00fcfung w\u00fcrde dann am 26.09.2026 in den R\u00e4umlichkeiten des LJV Sachsen-Anhalt stattfinden. Erleben&#46;&#46;&#46;<\/p>\n","protected":false},"author":1,"featured_media":1446,"parent":0,"menu_order":0,"comment_status":"closed","ping_status":"closed","template":"","meta":{"_uag_custom_page_level_css":"","_coblocks_attr":"Arial,Arial","_coblocks_dimensions":"","_coblocks_responsive_height":"","_coblocks_accordion_ie_support":"","pgc_sgb_lightbox_settings":"","footnotes":""},"class_list":["post-585","page","type-page","status-publish","has-post-thumbnail","hentry"],"uagb_featured_image_src":{"full":["https:\/\/verband-deutscher-falkner.de\/sa\/wp-content\/uploads\/sites\/6\/2025\/06\/db781219-5fae-4ff2-99a8-520df81d9c6f-1.jpeg",2048,1153,false],"thumbnail":["https:\/\/verband-deutscher-falkner.de\/sa\/wp-content\/uploads\/sites\/6\/2025\/06\/db781219-5fae-4ff2-99a8-520df81d9c6f-1-150x150.jpeg",150,150,true],"medium":["https:\/\/verband-deutscher-falkner.de\/sa\/wp-content\/uploads\/sites\/6\/2025\/06\/db781219-5fae-4ff2-99a8-520df81d9c6f-1-300x169.jpeg",300,169,true],"medium_large":["https:\/\/verband-deutscher-falkner.de\/sa\/wp-content\/uploads\/sites\/6\/2025\/06\/db781219-5fae-4ff2-99a8-520df81d9c6f-1-768x432.jpeg",768,432,true],"large":["https:\/\/verband-deutscher-falkner.de\/sa\/wp-content\/uploads\/sites\/6\/2025\/06\/db781219-5fae-4ff2-99a8-520df81d9c6f-1-1024x577.jpeg",1024,577,true],"1536x1536":["https:\/\/verband-deutscher-falkner.de\/sa\/wp-content\/uploads\/sites\/6\/2025\/06\/db781219-5fae-4ff2-99a8-520df81d9c6f-1-1536x865.jpeg",1536,865,true],"2048x2048":["https:\/\/verband-deutscher-falkner.de\/sa\/wp-content\/uploads\/sites\/6\/2025\/06\/db781219-5fae-4ff2-99a8-520df81d9c6f-1.jpeg",2048,1153,false],"thumb-small":["https:\/\/verband-deutscher-falkner.de\/sa\/wp-content\/uploads\/sites\/6\/2025\/06\/db781219-5fae-4ff2-99a8-520df81d9c6f-1-80x80.jpeg",80,80,true],"thumb-standard":["https:\/\/verband-deutscher-falkner.de\/sa\/wp-content\/uploads\/sites\/6\/2025\/06\/db781219-5fae-4ff2-99a8-520df81d9c6f-1-320x320.jpeg",320,320,true],"thumb-medium":["https:\/\/verband-deutscher-falkner.de\/sa\/wp-content\/uploads\/sites\/6\/2025\/06\/db781219-5fae-4ff2-99a8-520df81d9c6f-1-520x245.jpeg",520,245,true],"thumb-large":["https:\/\/verband-deutscher-falkner.de\/sa\/wp-content\/uploads\/sites\/6\/2025\/06\/db781219-5fae-4ff2-99a8-520df81d9c6f-1-720x340.jpeg",720,340,true],"thumb-xlarge":["https:\/\/verband-deutscher-falkner.de\/sa\/wp-content\/uploads\/sites\/6\/2025\/06\/db781219-5fae-4ff2-99a8-520df81d9c6f-1-980x450.jpeg",980,450,true],"thumb-xxlarge":["https:\/\/verband-deutscher-falkner.de\/sa\/wp-content\/uploads\/sites\/6\/2025\/06\/db781219-5fae-4ff2-99a8-520df81d9c6f-1-1320x500.jpeg",1320,500,true]},"uagb_author_info":{"display_name":"vdfadmin","author_link":"https:\/\/verband-deutscher-falkner.de\/sa\/author\/vdfadmin\/"},"uagb_comment_info":0,"uagb_excerpt":"Der Falknerkurs\/ Sachkundelehrgang findet voraussichtlich vom 21.09 &#8211; 25.09.2026 in der idyllischen Sch\u00f6nebecker Jagd- und Naturschule in Pretzien statt. Dieanschlie\u00dfend e Falknerpr\u00fcfung w\u00fcrde dann am 26.09.2026 in den R\u00e4umlichkeiten des LJV Sachsen-Anhalt stattfinden. Erleben&#46;&#46;&#46;","_links":{"self":[{"href":"https:\/\/verband-deutscher-falkner.de\/sa\/wp-json\/wp\/v2\/pages\/585","targetHints":{"allow":["GET"]}}],"collection":[{"href":"https:\/\/verband-deutscher-falkner.de\/sa\/wp-json\/wp\/v2\/pages"}],"about":[{"href":"https:\/\/verband-deutscher-falkner.de\/sa\/wp-json\/wp\/v2\/types\/page"}],"author":[{"embeddable":true,"href":"https:\/\/verband-deutscher-falkner.de\/sa\/wp-json\/wp\/v2\/users\/1"}],"replies":[{"embeddable":true,"href":"https:\/\/verband-deutscher-falkner.de\/sa\/wp-json\/wp\/v2\/comments?post=585"}],"version-history":[{"count":12,"href":"https:\/\/verband-deutscher-falkner.de\/sa\/wp-json\/wp\/v2\/pages\/585\/revisions"}],"predecessor-version":[{"id":1488,"href":"https:\/\/verband-deutscher-falkner.de\/sa\/wp-json\/wp\/v2\/pages\/585\/revisions\/1488"}],"wp:featuredmedia":[{"embeddable":true,"href":"https:\/\/verband-deutscher-falkner.de\/sa\/wp-json\/wp\/v2\/media\/1446"}],"wp:attachment":[{"href":"https:\/\/verband-deutscher-falkner.de\/sa\/wp-json\/wp\/v2\/media?parent=585"}],"curies":[{"name":"wp","href":"https:\/\/api.w.org\/{rel}","templated":true}]}}