{"id":31,"date":"2023-07-19T09:39:15","date_gmt":"2023-07-19T07:39:15","guid":{"rendered":"https:\/\/verband-deutscher-falkner.de\/th\/?page_id=31"},"modified":"2024-02-04T19:59:52","modified_gmt":"2024-02-04T18:59:52","slug":"home","status":"publish","type":"page","link":"https:\/\/verband-deutscher-falkner.de\/th\/","title":{"rendered":"Home"},"content":{"rendered":"\n\n\n<p class=\"has-text-align-left\"><\/p>\n\n\n\n<p class=\"has-text-align-left\">Wir freuen uns, Sie auf unserer Plattform begr\u00fc\u00dfen zu d\u00fcrfen, die einen Einblick in die faszinierende Welt der <strong>Falknerei <\/strong>und <strong>Greifvogelhaltung<\/strong> bietet. Als stolzer Teil des Verbandes Deutscher Falkner e.V., der sich bereits im Jahr 1990 gegr\u00fcndet hat, setzen wir uns leidenschaftlich daf\u00fcr ein, die jahrhundertealte <strong>Tradition <\/strong>der Falknerei zu bewahren und zeitgleich in die moderne Gesellschaft zu \u00fcberf\u00fchren.<\/p>\n\n\n\n<p class=\"has-text-align-left\">Unsere Vereinigung besteht aus engagierten Falknern, die nicht nur die Praxis der Falknerei als Kulturgut pflegen, sondern auch einen intensiven Austausch und Zusammenhalt in der Falknergemeinschaft f\u00f6rdern. <\/p>\n\n\n\n<p class=\"has-text-align-left\">Wir leisten dar\u00fcber hinaus viel <strong>\u00d6ffentlichkeitsarbeit<\/strong> und stehen jederzeit f\u00fcr Schulen, Pflegeheime und Kinderg\u00e4rten zur Verf\u00fcgung. Dabei teilen wir unser Wissen und unsere <strong>Begeisterung<\/strong> f\u00fcr die faszinierende Beziehung zwischen Mensch und Greifvogel. Auf unserer Homepage finden Sie Informationen \u00fcber <strong>Veranstaltungen<\/strong>, <strong>Projekte<\/strong> und <strong>Aktivit\u00e4ten<\/strong>, die dazu beitragen, das Erbe der Falknerei lebendig zu halten.<\/p>\n\n\n\n<p class=\"has-text-align-left\">Wir laden Sie ein, sich durch unsere Seiten zu klicken und die faszinierende Welt der Greifv\u00f6gel und ihrer H\u00fcter zu entdecken.  <\/p>\n\n\n\n<p class=\"has-text-align-left\">Haben Sie Fragen oder Interesse an der Falknerei? Sie k\u00f6nnen uns jederzeit \u00fcber das Kontaktformular anschreiben.<\/p>\n\n\n\n<p class=\"has-text-align-left\">Vielen Dank f\u00fcr Ihr Interesse und viel Freude beim Erkunden unserer Webseite!<\/p>\n\n\n\n<p class=\"has-text-align-left\">Mit falknerischem Gru\u00df,<\/p>\n\n\n\n<p class=\"has-text-align-left\">Der Verband Deutscher Falkner Th\u00fcringen e.V.<\/p>\n\n\n\n<figure class=\"wp-block-image size-large\"><img fetchpriority=\"high\" decoding=\"async\" width=\"1024\" height=\"610\" src=\"https:\/\/verband-deutscher-falkner.de\/th\/wp-content\/uploads\/sites\/7\/2024\/01\/Bildschirmfoto-2024-01-15-um-08.50.20-2-1024x610.png\" alt=\"\" class=\"wp-image-142\" srcset=\"https:\/\/verband-deutscher-falkner.de\/th\/wp-content\/uploads\/sites\/7\/2024\/01\/Bildschirmfoto-2024-01-15-um-08.50.20-2-1024x610.png 1024w, https:\/\/verband-deutscher-falkner.de\/th\/wp-content\/uploads\/sites\/7\/2024\/01\/Bildschirmfoto-2024-01-15-um-08.50.20-2-300x179.png 300w, https:\/\/verband-deutscher-falkner.de\/th\/wp-content\/uploads\/sites\/7\/2024\/01\/Bildschirmfoto-2024-01-15-um-08.50.20-2-768x458.png 768w, https:\/\/verband-deutscher-falkner.de\/th\/wp-content\/uploads\/sites\/7\/2024\/01\/Bildschirmfoto-2024-01-15-um-08.50.20-2-1536x915.png 1536w, https:\/\/verband-deutscher-falkner.de\/th\/wp-content\/uploads\/sites\/7\/2024\/01\/Bildschirmfoto-2024-01-15-um-08.50.20-2-2048x1220.png 2048w\" sizes=\"(max-width: 1024px) 100vw, 1024px\" \/><\/figure>\n","protected":false},"excerpt":{"rendered":"<p>Wir freuen uns, Sie auf unserer Plattform begr\u00fc\u00dfen zu d\u00fcrfen, die einen Einblick in die faszinierende Welt der Falknerei und Greifvogelhaltung bietet. Als stolzer Teil des Verbandes Deutscher Falkner e.V., der sich bereits im&#46;&#46;&#46;<\/p>\n","protected":false},"author":1,"featured_media":131,"parent":0,"menu_order":0,"comment_status":"closed","ping_status":"closed","template":"","meta":{"_uag_custom_page_level_css":"","_coblocks_attr":"","_coblocks_dimensions":"","_coblocks_responsive_height":"","_coblocks_accordion_ie_support":"","pgc_sgb_lightbox_settings":"","footnotes":""},"class_list":["post-31","page","type-page","status-publish","has-post-thumbnail","hentry"],"uagb_featured_image_src":{"full":["https:\/\/verband-deutscher-falkner.de\/th\/wp-content\/uploads\/sites\/7\/2024\/01\/Bildschirmfoto-2024-01-15-um-08.50.20-1.png",2464,1468,false],"thumbnail":["https:\/\/verband-deutscher-falkner.de\/th\/wp-content\/uploads\/sites\/7\/2024\/01\/Bildschirmfoto-2024-01-15-um-08.50.20-1-150x150.png",150,150,true],"medium":["https:\/\/verband-deutscher-falkner.de\/th\/wp-content\/uploads\/sites\/7\/2024\/01\/Bildschirmfoto-2024-01-15-um-08.50.20-1-300x179.png",300,179,true],"medium_large":["https:\/\/verband-deutscher-falkner.de\/th\/wp-content\/uploads\/sites\/7\/2024\/01\/Bildschirmfoto-2024-01-15-um-08.50.20-1-768x458.png",768,458,true],"large":["https:\/\/verband-deutscher-falkner.de\/th\/wp-content\/uploads\/sites\/7\/2024\/01\/Bildschirmfoto-2024-01-15-um-08.50.20-1-1024x610.png",1024,610,true],"1536x1536":["https:\/\/verband-deutscher-falkner.de\/th\/wp-content\/uploads\/sites\/7\/2024\/01\/Bildschirmfoto-2024-01-15-um-08.50.20-1-1536x915.png",1536,915,true],"2048x2048":["https:\/\/verband-deutscher-falkner.de\/th\/wp-content\/uploads\/sites\/7\/2024\/01\/Bildschirmfoto-2024-01-15-um-08.50.20-1-2048x1220.png",2048,1220,true],"thumb-small":["https:\/\/verband-deutscher-falkner.de\/th\/wp-content\/uploads\/sites\/7\/2024\/01\/Bildschirmfoto-2024-01-15-um-08.50.20-1-80x80.png",80,80,true],"thumb-standard":["https:\/\/verband-deutscher-falkner.de\/th\/wp-content\/uploads\/sites\/7\/2024\/01\/Bildschirmfoto-2024-01-15-um-08.50.20-1-320x320.png",320,320,true],"thumb-medium":["https:\/\/verband-deutscher-falkner.de\/th\/wp-content\/uploads\/sites\/7\/2024\/01\/Bildschirmfoto-2024-01-15-um-08.50.20-1-520x245.png",520,245,true],"thumb-large":["https:\/\/verband-deutscher-falkner.de\/th\/wp-content\/uploads\/sites\/7\/2024\/01\/Bildschirmfoto-2024-01-15-um-08.50.20-1-720x340.png",720,340,true],"thumb-xlarge":["https:\/\/verband-deutscher-falkner.de\/th\/wp-content\/uploads\/sites\/7\/2024\/01\/Bildschirmfoto-2024-01-15-um-08.50.20-1-980x450.png",980,450,true],"thumb-xxlarge":["https:\/\/verband-deutscher-falkner.de\/th\/wp-content\/uploads\/sites\/7\/2024\/01\/Bildschirmfoto-2024-01-15-um-08.50.20-1-1320x500.png",1320,500,true]},"uagb_author_info":{"display_name":"vdfadmin","author_link":"https:\/\/verband-deutscher-falkner.de\/th\/author\/vdfadmin\/"},"uagb_comment_info":0,"uagb_excerpt":"Wir freuen uns, Sie auf unserer Plattform begr\u00fc\u00dfen zu d\u00fcrfen, die einen Einblick in die faszinierende Welt der Falknerei und Greifvogelhaltung bietet. Als stolzer Teil des Verbandes Deutscher Falkner e.V., der sich bereits im&#46;&#46;&#46;","_links":{"self":[{"href":"https:\/\/verband-deutscher-falkner.de\/th\/wp-json\/wp\/v2\/pages\/31","targetHints":{"allow":["GET"]}}],"collection":[{"href":"https:\/\/verband-deutscher-falkner.de\/th\/wp-json\/wp\/v2\/pages"}],"about":[{"href":"https:\/\/verband-deutscher-falkner.de\/th\/wp-json\/wp\/v2\/types\/page"}],"author":[{"embeddable":true,"href":"https:\/\/verband-deutscher-falkner.de\/th\/wp-json\/wp\/v2\/users\/1"}],"replies":[{"embeddable":true,"href":"https:\/\/verband-deutscher-falkner.de\/th\/wp-json\/wp\/v2\/comments?post=31"}],"version-history":[{"count":9,"href":"https:\/\/verband-deutscher-falkner.de\/th\/wp-json\/wp\/v2\/pages\/31\/revisions"}],"predecessor-version":[{"id":171,"href":"https:\/\/verband-deutscher-falkner.de\/th\/wp-json\/wp\/v2\/pages\/31\/revisions\/171"}],"wp:featuredmedia":[{"embeddable":true,"href":"https:\/\/verband-deutscher-falkner.de\/th\/wp-json\/wp\/v2\/media\/131"}],"wp:attachment":[{"href":"https:\/\/verband-deutscher-falkner.de\/th\/wp-json\/wp\/v2\/media?parent=31"}],"curies":[{"name":"wp","href":"https:\/\/api.w.org\/{rel}","templated":true}]}}