{"id":94,"date":"2024-01-06T12:35:10","date_gmt":"2024-01-06T11:35:10","guid":{"rendered":"https:\/\/verband-deutscher-falkner.de\/th\/?page_id=94"},"modified":"2026-03-07T09:17:18","modified_gmt":"2026-03-07T08:17:18","slug":"vorbereitungskurs-zur-falknerpruefung-in-thueringen","status":"publish","type":"page","link":"https:\/\/verband-deutscher-falkner.de\/th\/vorbereitungskurs-zur-falknerpruefung-in-thueringen\/","title":{"rendered":"Vorbereitungskurs zur Falknerpr\u00fcfung in Th\u00fcringen"},"content":{"rendered":"\n<p>Mit der \u00c4nderung der Th\u00fcringer J\u00e4ger- und Falknerpr\u00fcfungsordnung (Th\u00fcrJFPO) vom 20. Juli 2008 wurde, so wie das bereits in anderen Bundesl\u00e4ndern auch der Fall ist, ein 60st\u00fcndiger Ausbildungslehrgang f\u00fcr Falkner gefordert. Er ist zwingende Voraussetzung, um zur Pr\u00fcfung durch die zust\u00e4ndige Pr\u00fcfungskommission zugelassen zu werden. Der Verband Deutscher Falkner Landesverband Th\u00fcringen e.V. war sich seiner Verantwortung bewusst und richtete aufgrund dieser \u00c4nderung einen von den Beh\u00f6rden anerkannten Ausbildungslehrgang f\u00fcr die Anw\u00e4rter der Falknerpr\u00fcfung ein.<\/p>\n\n\n\n<p>Augenmerk liegt dabei auf einer hervorragenden theoretischen und praktischen Ausbildung unserer \u201eJungfalkner\u201c. Um die unterschiedlichen Lehrgangsschwerpunkte optimal zu vermitteln werden diese von insgesamt erfahrenen Falknern den Teilnehmern theoretisch und praktisch vermittelt.<\/p>\n\n\n\n<p>Umfangreiche theoretische Kenntnisse sind zwar unumg\u00e4nglich, aber essentielle falknerische Techniken, wie Gesch\u00fchanlegen, Verhauben und Anlegen der Beizv\u00f6gel an die verschiedenen Falknereiger\u00e4te, m\u00fcssen immer wieder selbst ge\u00fcbt werden. Selbstverst\u00e4ndlich wird dar\u00fcber hinaus nicht nur der praktische Umgang mit dem Beizvogel im Lehrrevier unterrichtet, sondern auch praktisch Wildbrethygiene und Wildbretverwertung gelehrt.<\/p>\n\n\n\n<p>Nicht nur f\u00fcr einen erfolgreichen Pr\u00fcfungsverlauf ist dies notwendig \u2013 der VDF ist nach seiner Philosophie bestrebt, praktisch arbeitende Beizj\u00e4ger zu f\u00f6rdern, die innerhalb unseres Verbandes auch den weitaus gr\u00f6\u00dften Anteil stellen. Als ebenso wichtig wird erachtet, die Jungfalkner nach Ablegen der Pr\u00fcfung nicht \u201ealleine zu lassen\u201c, sondern ihnen erfahrene Falkner, die bereits w\u00e4hrend der Vorbereitung zur Pr\u00fcfung als \u201eLehrprinzen\u201c fungieren, zur weiteren Betreuung zur Seite zu stellen.<\/p>\n\n\n\n<p>Die bisher abgehaltenen Kurse brachten Jungfalknerinnen und Jungfalkner hervor, die erfolgreich ihre Pr\u00fcfung abgelegt haben und auch \u00fcber diesen Termin hinaus dem VDF und ihren Ausbildern freundschaftlich zugeneigt geblieben sind.<\/p>\n\n\n\n<p>Untenstehend finden Sie die n\u00e4chsten Termine f\u00fcr den Vorbereitungskurs zur Falknerpr\u00fcfung:<\/p>\n\n\n\n<div  class=\"tribe-compatibility-container\" >\n\t<div\n\t\t class=\"tribe-common tribe-events tribe-events-view tribe-events-view--widget-events-list tribe-events-widget\" \t\tdata-js=\"tribe-events-view\"\n\t\tdata-view-rest-url=\"https:\/\/verband-deutscher-falkner.de\/th\/wp-json\/tribe\/views\/v2\/html\"\n\t\tdata-view-manage-url=\"1\"\n\t\t\t\t\t\t\tdata-view-breakpoint-pointer=\"0d9923e3-5e4e-48fa-8a9c-2ff503de4dc2\"\n\t\t\t>\n\t\t<div class=\"tribe-events-widget-events-list\">\n\n\t\t\t\n\t\t\t<script data-js=\"tribe-events-view-data\" type=\"application\/json\">\n\t{\"slug\":\"widget-events-list\",\"prev_url\":\"\",\"next_url\":\"\",\"view_class\":\"Tribe\\\\Events\\\\Views\\\\V2\\\\Views\\\\Widgets\\\\Widget_List_View\",\"view_slug\":\"widget-events-list\",\"view_label\":\"View\",\"view\":null,\"should_manage_url\":true,\"id\":null,\"alias-slugs\":null,\"title\":\"Anstehende Veranstaltungen \\u2013 Verband Deutscher Falkner Th\\u00fcringen e.V.\",\"limit\":\"1\",\"no_upcoming_events\":false,\"featured_events_only\":false,\"jsonld_enable\":true,\"tribe_is_list_widget\":false,\"admin_fields\":{\"title\":{\"label\":\"Titel:\",\"type\":\"text\",\"parent_classes\":\"\",\"classes\":\"\",\"dependency\":\"\",\"id\":\"widget-tribe-widget-events-list--1-title\",\"name\":\"widget-tribe-widget-events-list[-1][title]\",\"options\":[],\"placeholder\":\"\",\"value\":null},\"limit\":{\"label\":\"Anzeige:\",\"type\":\"number\",\"default\":5,\"min\":1,\"max\":10,\"step\":1,\"parent_classes\":\"\",\"classes\":\"\",\"dependency\":\"\",\"id\":\"widget-tribe-widget-events-list--1-limit\",\"name\":\"widget-tribe-widget-events-list[-1][limit]\",\"options\":[],\"placeholder\":\"\",\"value\":null},\"no_upcoming_events\":{\"label\":\"Blende dieses Widget aus, wenn es keine bevorstehenden Veranstaltungen gibt.\",\"type\":\"checkbox\",\"parent_classes\":\"\",\"classes\":\"\",\"dependency\":\"\",\"id\":\"widget-tribe-widget-events-list--1-no_upcoming_events\",\"name\":\"widget-tribe-widget-events-list[-1][no_upcoming_events]\",\"options\":[],\"placeholder\":\"\",\"value\":null},\"featured_events_only\":{\"label\":\"Nur auf hervorgehobene Veranstaltungen beschr\\u00e4nken\",\"type\":\"checkbox\",\"parent_classes\":\"\",\"classes\":\"\",\"dependency\":\"\",\"id\":\"widget-tribe-widget-events-list--1-featured_events_only\",\"name\":\"widget-tribe-widget-events-list[-1][featured_events_only]\",\"options\":[],\"placeholder\":\"\",\"value\":null},\"jsonld_enable\":{\"label\":\"JSON-LD-Daten generieren\",\"type\":\"checkbox\",\"parent_classes\":\"\",\"classes\":\"\",\"dependency\":\"\",\"id\":\"widget-tribe-widget-events-list--1-jsonld_enable\",\"name\":\"widget-tribe-widget-events-list[-1][jsonld_enable]\",\"options\":[],\"placeholder\":\"\",\"value\":null}},\"events\":[],\"url\":\"https:\\\/\\\/verband-deutscher-falkner.de\\\/th\\\/?post_type=tribe_events&eventDisplay=widget-events-list\",\"url_event_date\":false,\"bar\":{\"keyword\":\"\",\"date\":\"\"},\"today\":\"2026-05-08 00:00:00\",\"now\":\"2026-05-08 16:27:16\",\"home_url\":\"https:\\\/\\\/verband-deutscher-falkner.de\\\/th\",\"rest_url\":\"https:\\\/\\\/verband-deutscher-falkner.de\\\/th\\\/wp-json\\\/tribe\\\/views\\\/v2\\\/html\",\"rest_method\":\"GET\",\"rest_nonce\":\"\",\"today_url\":\"https:\\\/\\\/verband-deutscher-falkner.de\\\/th\\\/?post_type=tribe_events&eventDisplay=widget-events-list&rest_route=%2Fwp%2Fv2%2Fpages%2F94\",\"today_title\":\"Klicke, um das heutige Datum auszuw\\u00e4hlen\",\"today_label\":\"Heute\",\"prev_label\":\"\",\"next_label\":\"\",\"date_formats\":{\"compact\":\"n\\\/j\\\/Y\",\"month_and_year_compact\":\"n\\\/Y\",\"month_and_year\":\"F Y\",\"time_range_separator\":\" - \",\"date_time_separator\":\" @ \"},\"messages\":{\"notice\":[\"Es sind keine anstehenden Veranstaltungen vorhanden.\"]},\"start_of_week\":\"1\",\"header_title\":\"\",\"header_title_element\":\"h1\",\"content_title\":\"\",\"show_content_title\":false,\"breadcrumbs\":[],\"backlink\":false,\"before_events\":\"\",\"after_events\":\"\\n<!--\\nThis calendar is powered by The Events Calendar.\\nhttp:\\\/\\\/evnt.is\\\/18wn\\n-->\\n\",\"display_events_bar\":false,\"disable_event_search\":false,\"live_refresh\":true,\"ical\":{\"display_link\":true,\"link\":{\"url\":\"https:\\\/\\\/verband-deutscher-falkner.de\\\/th\\\/?post_type=tribe_events&#038;eventDisplay=widget-events-list&#038;ical=1\",\"text\":\"Veranstaltungen als iCal exportieren\",\"title\":\"Diese Funktion verwenden, um Kalenderdaten mit Google Kalender, Apple iCal und kompatiblen Apps zu teilen\"}},\"container_classes\":[\"tribe-common\",\"tribe-events\",\"tribe-events-view\",\"tribe-events-view--widget-events-list\",\"tribe-events-widget\"],\"container_data\":[],\"is_past\":false,\"breakpoints\":{\"xsmall\":500,\"medium\":768,\"full\":960},\"breakpoint_pointer\":\"0d9923e3-5e4e-48fa-8a9c-2ff503de4dc2\",\"is_initial_load\":false,\"public_views\":{\"list\":{\"view_class\":\"Tribe\\\\Events\\\\Views\\\\V2\\\\Views\\\\List_View\",\"view_url\":\"https:\\\/\\\/verband-deutscher-falkner.de\\\/th\\\/events\\\/liste\\\/\",\"view_label\":\"Liste\",\"aria_label\":\"Zeige Veranstaltungen in der Liste Ansicht\"},\"month\":{\"view_class\":\"Tribe\\\\Events\\\\Views\\\\V2\\\\Views\\\\Month_View\",\"view_url\":\"https:\\\/\\\/verband-deutscher-falkner.de\\\/th\\\/events\\\/monat\\\/\",\"view_label\":\"Monat\",\"aria_label\":\"Zeige Veranstaltungen in der Monat Ansicht\"},\"day\":{\"view_class\":\"Tribe\\\\Events\\\\Views\\\\V2\\\\Views\\\\Day_View\",\"view_url\":\"https:\\\/\\\/verband-deutscher-falkner.de\\\/th\\\/events\\\/heute\\\/\",\"view_label\":\"Tag\",\"aria_label\":\"Zeige Veranstaltungen in der Tag Ansicht\"}},\"show_latest_past\":false,\"past\":false,\"compatibility_classes\":[\"tribe-compatibility-container\"],\"view_more_text\":\"Kalender anzeigen\",\"view_more_title\":\"Weitere Veranstaltungen anzeigen.\",\"view_more_link\":\"https:\\\/\\\/verband-deutscher-falkner.de\\\/th\\\/events\\\/\",\"widget_title\":\"Du willst Falkner werden? Der Kurs geht vom 20.04.2026 bis zum 25.04.2026 und findet im Altenburger Land statt. Fragen\\\/Anmeldungen bitte an esther.hellmundt_koenig@verband-deutscher-falkner.de\",\"hide_if_no_upcoming_events\":false,\"display\":[],\"subscribe_links\":{\"gcal\":{\"label\":\"Google Kalender\",\"single_label\":\"Zu Google Kalender hinzuf\\u00fcgen\",\"visible\":true,\"block_slug\":\"hasGoogleCalendar\"},\"ical\":{\"label\":\"iCalendar\",\"single_label\":\"Zu iCalendar hinzuf\\u00fcgen\",\"visible\":true,\"block_slug\":\"hasiCal\"},\"outlook-365\":{\"label\":\"Outlook 365\",\"single_label\":\"Outlook 365\",\"visible\":true,\"block_slug\":\"hasOutlook365\"},\"outlook-live\":{\"label\":\"Outlook Live\",\"single_label\":\"Outlook Live\",\"visible\":true,\"block_slug\":\"hasOutlookLive\"},\"ics\":{\"label\":\".ics-Datei exportieren\",\"single_label\":\".ics-Datei exportieren\",\"visible\":true,\"block_slug\":null},\"outlook-ics\":{\"label\":\"Exportiere Outlook .ics Datei\",\"single_label\":\"Exportiere Outlook .ics Datei\",\"visible\":true,\"block_slug\":null}},\"_context\":{\"slug\":\"widget-events-list\"}}<\/script>\n\n\t\t\t\t\t\t\t<header class=\"tribe-events-widget-events-list__header\">\n\t\t\t\t\t<h2 class=\"tribe-events-widget-events-list__header-title tribe-common-h6 tribe-common-h--alt\">\n\t\t\t\t\t\tDu willst Falkner werden? Der Kurs geht vom 20.04.2026 bis zum 25.04.2026 und findet im Altenburger Land statt. Fragen\/Anmeldungen bitte an esther.hellmundt_koenig@verband-deutscher-falkner.de\t\t\t\t\t<\/h2>\n\t\t\t\t<\/header>\n\t\t\t\n\t\t\t\n\t\t\t\t<div  class=\"tribe-events-header__messages tribe-events-c-messages tribe-common-b2\"  >\n\t\t\t<div class=\"tribe-events-c-messages__message tribe-events-c-messages__message--notice\" tabindex=\"0\" role=\"alert\" aria-live=\"assertive\">\n\t\t\t<svg\n\t class=\"tribe-common-c-svgicon tribe-common-c-svgicon--messages-not-found tribe-events-c-messages__message-icon-svg\" \taria-hidden=\"true\"\n\tviewBox=\"0 0 21 23\"\n\txmlns=\"http:\/\/www.w3.org\/2000\/svg\"\n>\n\t<g fill-rule=\"evenodd\">\n\t\t<path d=\"M.5 2.5h20v20H.5z\"\/>\n\t\t<path stroke-linecap=\"round\" d=\"M7.583 11.583l5.834 5.834m0-5.834l-5.834 5.834\" class=\"tribe-common-c-svgicon__svg-stroke\"\/>\n\t\t<path stroke-linecap=\"round\" d=\"M4.5.5v4m12-4v4\"\/>\n\t\t<path stroke-linecap=\"square\" d=\"M.5 7.5h20\"\/>\n\t<\/g>\n<\/svg>\n<span class=\"tribe-common-a11y-visual-hide\">\n\tHinweis<\/span>\n\t\t\t\t\t\t\t<div\n\t\t\t\t\t data-key=\"0\" >\n\t\t\t\t\tEs sind keine anstehenden Veranstaltungen vorhanden.\t\t\t\t<\/div>\n\t\t\t\t\t<\/div>\n\t<\/div>\n\n\t\t\t\t\t<\/div>\n\t<\/div>\n<\/div>\n<script data-js='tribe-events-view-nonce-data' type='application\/json'>{\"tvn1\":\"7c1864aea8\",\"tvn2\":\"\"}<\/script>\n\n\n\n<p><\/p>\n\n\n\n<p><\/p>\n","protected":false},"excerpt":{"rendered":"<p>Mit der \u00c4nderung der Th\u00fcringer J\u00e4ger- und Falknerpr\u00fcfungsordnung (Th\u00fcrJFPO) vom 20. Juli 2008 wurde, so wie das bereits in anderen Bundesl\u00e4ndern auch der Fall ist, ein 60st\u00fcndiger Ausbildungslehrgang f\u00fcr Falkner gefordert. Er ist zwingende&#46;&#46;&#46;<\/p>\n","protected":false},"author":1,"featured_media":0,"parent":0,"menu_order":0,"comment_status":"closed","ping_status":"closed","template":"","meta":{"_uag_custom_page_level_css":"","_coblocks_attr":"","_coblocks_dimensions":"","_coblocks_responsive_height":"","_coblocks_accordion_ie_support":"","pgc_sgb_lightbox_settings":"","footnotes":""},"class_list":["post-94","page","type-page","status-publish","hentry"],"uagb_featured_image_src":{"full":false,"thumbnail":false,"medium":false,"medium_large":false,"large":false,"1536x1536":false,"2048x2048":false,"thumb-small":false,"thumb-standard":false,"thumb-medium":false,"thumb-large":false,"thumb-xlarge":false,"thumb-xxlarge":false},"uagb_author_info":{"display_name":"vdfadmin","author_link":"https:\/\/verband-deutscher-falkner.de\/th\/author\/vdfadmin\/"},"uagb_comment_info":0,"uagb_excerpt":"Mit der \u00c4nderung der Th\u00fcringer J\u00e4ger- und Falknerpr\u00fcfungsordnung (Th\u00fcrJFPO) vom 20. Juli 2008 wurde, so wie das bereits in anderen Bundesl\u00e4ndern auch der Fall ist, ein 60st\u00fcndiger Ausbildungslehrgang f\u00fcr Falkner gefordert. Er ist zwingende&#46;&#46;&#46;","_links":{"self":[{"href":"https:\/\/verband-deutscher-falkner.de\/th\/wp-json\/wp\/v2\/pages\/94","targetHints":{"allow":["GET"]}}],"collection":[{"href":"https:\/\/verband-deutscher-falkner.de\/th\/wp-json\/wp\/v2\/pages"}],"about":[{"href":"https:\/\/verband-deutscher-falkner.de\/th\/wp-json\/wp\/v2\/types\/page"}],"author":[{"embeddable":true,"href":"https:\/\/verband-deutscher-falkner.de\/th\/wp-json\/wp\/v2\/users\/1"}],"replies":[{"embeddable":true,"href":"https:\/\/verband-deutscher-falkner.de\/th\/wp-json\/wp\/v2\/comments?post=94"}],"version-history":[{"count":11,"href":"https:\/\/verband-deutscher-falkner.de\/th\/wp-json\/wp\/v2\/pages\/94\/revisions"}],"predecessor-version":[{"id":197,"href":"https:\/\/verband-deutscher-falkner.de\/th\/wp-json\/wp\/v2\/pages\/94\/revisions\/197"}],"wp:attachment":[{"href":"https:\/\/verband-deutscher-falkner.de\/th\/wp-json\/wp\/v2\/media?parent=94"}],"curies":[{"name":"wp","href":"https:\/\/api.w.org\/{rel}","templated":true}]}}